{"id":21,"date":"2025-04-29T11:15:16","date_gmt":"2025-04-29T11:15:16","guid":{"rendered":"https:\/\/proevex.rkinformatika.online\/?page_id=21"},"modified":"2025-10-21T16:02:47","modified_gmt":"2025-10-21T16:02:47","slug":"casetas-de-madera","status":"publish","type":"page","link":"https:\/\/proevex.com\/eu\/casetas-de-madera\/","title":{"rendered":"EGURREZKO ETXOLAK"},"content":{"rendered":"<div data-elementor-type=\"wp-page\" data-elementor-id=\"21\" class=\"elementor elementor-21\" data-elementor-post-type=\"page\">\n\t\t\t\t<div class=\"elementor-element elementor-element-9034350 e-flex e-con-boxed e-con e-parent\" data-id=\"9034350\" data-element_type=\"container\" data-e-type=\"container\" data-settings=\"{&quot;background_background&quot;:&quot;classic&quot;}\">\n\t\t\t\t\t<div class=\"e-con-inner\">\n\t\t\t\t\t<\/div>\n\t\t\t\t<\/div>\n\t\t<div class=\"elementor-element elementor-element-a069725 e-flex e-con-boxed e-con e-parent\" data-id=\"a069725\" data-element_type=\"container\" data-e-type=\"container\">\n\t\t\t\t\t<div class=\"e-con-inner\">\n\t\t<div class=\"elementor-element elementor-element-6d17295 e-con-full e-flex e-con e-child\" data-id=\"6d17295\" data-element_type=\"container\" data-e-type=\"container\">\n\t\t\t\t<div class=\"elementor-element elementor-element-28efbd5 elementor-widget elementor-widget-heading\" data-id=\"28efbd5\" data-element_type=\"widget\" data-e-type=\"widget\" data-widget_type=\"heading.default\">\n\t\t\t\t<div class=\"elementor-widget-container\">\n\t\t\t\t\t<h2 class=\"elementor-heading-title elementor-size-default\">Casetas de Madera<\/h2>\t\t\t\t<\/div>\n\t\t\t\t<\/div>\n\t\t\t\t<div class=\"elementor-element elementor-element-0949314 elementor-align-start elementor-icon-list--layout-traditional elementor-list-item-link-full_width elementor-widget elementor-widget-icon-list\" data-id=\"0949314\" data-element_type=\"widget\" data-e-type=\"widget\" data-widget_type=\"icon-list.default\">\n\t\t\t\t<div class=\"elementor-widget-container\">\n\t\t\t\t\t\t\t<ul class=\"elementor-icon-list-items\">\n\t\t\t\t\t\t\t<li class=\"elementor-icon-list-item\">\n\t\t\t\t\t\t\t\t\t\t\t<span class=\"elementor-icon-list-icon\">\n\t\t\t\t\t\t\t<svg aria-hidden=\"true\" class=\"e-font-icon-svg e-far-circle\" viewbox=\"0 0 512 512\" xmlns=\"http:\/\/www.w3.org\/2000\/svg\"><path d=\"M256 8C119 8 8 119 8 256s111 248 248 248 248-111 248-248S393 8 256 8zm0 448c-110.5 0-200-89.5-200-200S145.5 56 256 56s200 89.5 200 200-89.5 200-200 200z\"><\/path><\/svg>\t\t\t\t\t\t<\/span>\n\t\t\t\t\t\t\t\t\t\t<span class=\"elementor-icon-list-text\">casetas y stands m\u00f3viles de madera para todo tipo de eventos exteriores<\/span>\n\t\t\t\t\t\t\t\t\t<\/li>\n\t\t\t\t\t\t\t\t<li class=\"elementor-icon-list-item\">\n\t\t\t\t\t\t\t\t\t\t\t<span class=\"elementor-icon-list-icon\">\n\t\t\t\t\t\t\t<svg aria-hidden=\"true\" class=\"e-font-icon-svg e-far-circle\" viewbox=\"0 0 512 512\" xmlns=\"http:\/\/www.w3.org\/2000\/svg\"><path d=\"M256 8C119 8 8 119 8 256s111 248 248 248 248-111 248-248S393 8 256 8zm0 448c-110.5 0-200-89.5-200-200S145.5 56 256 56s200 89.5 200 200-89.5 200-200 200z\"><\/path><\/svg>\t\t\t\t\t\t<\/span>\n\t\t\t\t\t\t\t\t\t\t<span class=\"elementor-icon-list-text\">\u00fanicas en el mercado por sus caracter\u00edsticas t\u00e9cnicas<\/span>\n\t\t\t\t\t\t\t\t\t<\/li>\n\t\t\t\t\t\t\t\t<li class=\"elementor-icon-list-item\">\n\t\t\t\t\t\t\t\t\t\t\t<span class=\"elementor-icon-list-icon\">\n\t\t\t\t\t\t\t<svg aria-hidden=\"true\" class=\"e-font-icon-svg e-far-circle\" viewbox=\"0 0 512 512\" xmlns=\"http:\/\/www.w3.org\/2000\/svg\"><path d=\"M256 8C119 8 8 119 8 256s111 248 248 248 248-111 248-248S393 8 256 8zm0 448c-110.5 0-200-89.5-200-200S145.5 56 256 56s200 89.5 200 200-89.5 200-200 200z\"><\/path><\/svg>\t\t\t\t\t\t<\/span>\n\t\t\t\t\t\t\t\t\t\t<span class=\"elementor-icon-list-text\">seguras, robustas, antivuelco, certificadas, resistentes al viento<\/span>\n\t\t\t\t\t\t\t\t\t<\/li>\n\t\t\t\t\t\t\t\t<li class=\"elementor-icon-list-item\">\n\t\t\t\t\t\t\t\t\t\t\t<span class=\"elementor-icon-list-icon\">\n\t\t\t\t\t\t\t<svg aria-hidden=\"true\" class=\"e-font-icon-svg e-far-circle\" viewbox=\"0 0 512 512\" xmlns=\"http:\/\/www.w3.org\/2000\/svg\"><path d=\"M256 8C119 8 8 119 8 256s111 248 248 248 248-111 248-248S393 8 256 8zm0 448c-110.5 0-200-89.5-200-200S145.5 56 256 56s200 89.5 200 200-89.5 200-200 200z\"><\/path><\/svg>\t\t\t\t\t\t<\/span>\n\t\t\t\t\t\t\t\t\t\t<span class=\"elementor-icon-list-text\">equipadas, instalaci\u00f3n el\u00e9ctrica, mostrador, baldas<\/span>\n\t\t\t\t\t\t\t\t\t<\/li>\n\t\t\t\t\t\t\t\t<li class=\"elementor-icon-list-item\">\n\t\t\t\t\t\t\t\t\t\t\t<span class=\"elementor-icon-list-icon\">\n\t\t\t\t\t\t\t<svg aria-hidden=\"true\" class=\"e-font-icon-svg e-far-circle\" viewbox=\"0 0 512 512\" xmlns=\"http:\/\/www.w3.org\/2000\/svg\"><path d=\"M256 8C119 8 8 119 8 256s111 248 248 248 248-111 248-248S393 8 256 8zm0 448c-110.5 0-200-89.5-200-200S145.5 56 256 56s200 89.5 200 200-89.5 200-200 200z\"><\/path><\/svg>\t\t\t\t\t\t<\/span>\n\t\t\t\t\t\t\t\t\t\t<span class=\"elementor-icon-list-text\">personalizables con tu marca corporativa y logotipo<\/span>\n\t\t\t\t\t\t\t\t\t<\/li>\n\t\t\t\t\t\t<\/ul>\n\t\t\t\t\t\t<\/div>\n\t\t\t\t<\/div>\n\t\t\t\t<div class=\"elementor-element elementor-element-014ef9f elementor-align-left e-transform elementor-widget elementor-widget-button\" data-id=\"014ef9f\" data-element_type=\"widget\" data-e-type=\"widget\" data-settings=\"{&quot;_transform_translateX_effect_hover&quot;:{&quot;unit&quot;:&quot;px&quot;,&quot;size&quot;:5,&quot;sizes&quot;:[]},&quot;_transform_translateY_effect_hover&quot;:{&quot;unit&quot;:&quot;px&quot;,&quot;size&quot;:5,&quot;sizes&quot;:[]},&quot;_transform_translateX_effect_hover_tablet&quot;:{&quot;unit&quot;:&quot;px&quot;,&quot;size&quot;:&quot;&quot;,&quot;sizes&quot;:[]},&quot;_transform_translateX_effect_hover_mobile&quot;:{&quot;unit&quot;:&quot;px&quot;,&quot;size&quot;:&quot;&quot;,&quot;sizes&quot;:[]},&quot;_transform_translateY_effect_hover_tablet&quot;:{&quot;unit&quot;:&quot;px&quot;,&quot;size&quot;:&quot;&quot;,&quot;sizes&quot;:[]},&quot;_transform_translateY_effect_hover_mobile&quot;:{&quot;unit&quot;:&quot;px&quot;,&quot;size&quot;:&quot;&quot;,&quot;sizes&quot;:[]}}\" data-widget_type=\"button.default\">\n\t\t\t\t<div class=\"elementor-widget-container\">\n\t\t\t\t\t\t\t\t\t<div class=\"elementor-button-wrapper\">\n\t\t\t\t\t<a class=\"elementor-button elementor-button-link elementor-size-sm\" href=\"https:\/\/proevex.com\/wp-content\/uploads\/2025\/05\/proevex_casetas_de_madera_caracteristicas.pdf\">\n\t\t\t\t\t\t<span class=\"elementor-button-content-wrapper\">\n\t\t\t\t\t\t<span class=\"elementor-button-icon\">\n\t\t\t\t<svg aria-hidden=\"true\" class=\"e-font-icon-svg e-fas-plus\" viewbox=\"0 0 448 512\" xmlns=\"http:\/\/www.w3.org\/2000\/svg\"><path d=\"M416 208H272V64c0-17.67-14.33-32-32-32h-32c-17.67 0-32 14.33-32 32v144H32c-17.67 0-32 14.33-32 32v32c0 17.67 14.33 32 32 32h144v144c0 17.67 14.33 32 32 32h32c17.67 0 32-14.33 32-32V304h144c17.67 0 32-14.33 32-32v-32c0-17.67-14.33-32-32-32z\"><\/path><\/svg>\t\t\t<\/span>\n\t\t\t\t\t\t\t\t\t<span class=\"elementor-button-text\">info caracter\u00edsticas<\/span>\n\t\t\t\t\t<\/span>\n\t\t\t\t\t<\/a>\n\t\t\t\t<\/div>\n\t\t\t\t\t\t\t\t<\/div>\n\t\t\t\t<\/div>\n\t\t\t\t<\/div>\n\t\t<div class=\"elementor-element elementor-element-8efb6c8 e-con-full e-flex e-con e-child\" data-id=\"8efb6c8\" data-element_type=\"container\" data-e-type=\"container\">\n\t\t\t\t<div class=\"elementor-element elementor-element-a4352d8 elementor-widget elementor-widget-image\" data-id=\"a4352d8\" data-element_type=\"widget\" data-e-type=\"widget\" data-widget_type=\"image.default\">\n\t\t\t\t<div class=\"elementor-widget-container\">\n\t\t\t\t\t\t\t\t\t\t\t\t\t\t\t\t<a href=\"https:\/\/proevex.com\/wp-content\/uploads\/2025\/04\/proevex_casetas_de_madera_01.jpg\" data-elementor-open-lightbox=\"yes\" data-elementor-lightbox-title=\"proevex_casetas_de_madera\" data-elementor-lightbox-description=\"proevex_casetas_de_madera\" data-e-action-hash=\"#elementor-action%3Aaction%3Dlightbox%26settings%3DeyJpZCI6MTM0LCJ1cmwiOiJodHRwczpcL1wvcHJvZXZleC5jb21cL3dwLWNvbnRlbnRcL3VwbG9hZHNcLzIwMjVcLzA0XC9wcm9ldmV4X2Nhc2V0YXNfZGVfbWFkZXJhXzAxLmpwZyJ9\">\n\t\t\t\t\t\t\t<img fetchpriority=\"high\" decoding=\"async\" width=\"800\" height=\"480\" src=\"https:\/\/proevex.com\/wp-content\/uploads\/2025\/04\/proevex_casetas_de_madera_01-1024x614.jpg\" class=\"attachment-large size-large wp-image-134\" alt=\"proevex casetas de madera\" srcset=\"https:\/\/proevex.com\/wp-content\/uploads\/2025\/04\/proevex_casetas_de_madera_01-1024x614.jpg 1024w, https:\/\/proevex.com\/wp-content\/uploads\/2025\/04\/proevex_casetas_de_madera_01-300x180.jpg 300w, https:\/\/proevex.com\/wp-content\/uploads\/2025\/04\/proevex_casetas_de_madera_01-768x461.jpg 768w, https:\/\/proevex.com\/wp-content\/uploads\/2025\/04\/proevex_casetas_de_madera_01-1536x922.jpg 1536w, https:\/\/proevex.com\/wp-content\/uploads\/2025\/04\/proevex_casetas_de_madera_01-18x12.jpg 18w, https:\/\/proevex.com\/wp-content\/uploads\/2025\/04\/proevex_casetas_de_madera_01.jpg 2000w\" sizes=\"(max-width: 800px) 100vw, 800px\" \/>\t\t\t\t\t\t\t\t<\/a>\n\t\t\t\t\t\t\t\t\t\t\t\t\t\t\t<\/div>\n\t\t\t\t<\/div>\n\t\t\t\t<\/div>\n\t\t<div class=\"elementor-element elementor-element-6ca8abd e-con-full elementor-hidden-tablet e-flex e-con e-child\" data-id=\"6ca8abd\" data-element_type=\"container\" data-e-type=\"container\">\n\t\t\t\t<div class=\"elementor-element elementor-element-63f3a65 elementor-widget elementor-widget-image\" data-id=\"63f3a65\" data-element_type=\"widget\" data-e-type=\"widget\" data-widget_type=\"image.default\">\n\t\t\t\t<div class=\"elementor-widget-container\">\n\t\t\t\t\t\t\t\t\t\t\t\t\t\t\t<img decoding=\"async\" width=\"800\" height=\"480\" src=\"https:\/\/proevex.com\/wp-content\/uploads\/2025\/05\/proevex_casetas_de_madera_02.jpg\" class=\"attachment-large size-large wp-image-1240\" alt=\"proevex_casetas_de_madera_02\" srcset=\"https:\/\/proevex.com\/wp-content\/uploads\/2025\/05\/proevex_casetas_de_madera_02.jpg 850w, https:\/\/proevex.com\/wp-content\/uploads\/2025\/05\/proevex_casetas_de_madera_02-300x180.jpg 300w, https:\/\/proevex.com\/wp-content\/uploads\/2025\/05\/proevex_casetas_de_madera_02-768x461.jpg 768w, https:\/\/proevex.com\/wp-content\/uploads\/2025\/05\/proevex_casetas_de_madera_02-18x12.jpg 18w\" sizes=\"(max-width: 800px) 100vw, 800px\" \/>\t\t\t\t\t\t\t\t\t\t\t\t\t\t\t<\/div>\n\t\t\t\t<\/div>\n\t\t\t\t<\/div>\n\t\t<div class=\"elementor-element elementor-element-c1980f1 e-con-full e-flex e-con e-child\" data-id=\"c1980f1\" data-element_type=\"container\" data-e-type=\"container\">\n\t\t\t\t<div class=\"elementor-element elementor-element-160f6f6 elementor-widget elementor-widget-image\" data-id=\"160f6f6\" data-element_type=\"widget\" data-e-type=\"widget\" data-widget_type=\"image.default\">\n\t\t\t\t<div class=\"elementor-widget-container\">\n\t\t\t\t\t\t\t\t\t\t\t\t\t\t\t\t<a href=\"https:\/\/proevex.com\/wp-content\/uploads\/2025\/05\/proevex_casetas_de_madera_03.jpg\" data-elementor-open-lightbox=\"yes\" data-elementor-lightbox-title=\"proevex_casetas_de_madera_03\" data-elementor-lightbox-description=\"proevex_casetas_de_madera_03\" data-e-action-hash=\"#elementor-action%3Aaction%3Dlightbox%26settings%3DeyJpZCI6MTIzOSwidXJsIjoiaHR0cHM6XC9cL3Byb2V2ZXguY29tXC93cC1jb250ZW50XC91cGxvYWRzXC8yMDI1XC8wNVwvcHJvZXZleF9jYXNldGFzX2RlX21hZGVyYV8wMy5qcGcifQ%3D%3D\">\n\t\t\t\t\t\t\t<img decoding=\"async\" width=\"800\" height=\"480\" src=\"https:\/\/proevex.com\/wp-content\/uploads\/2025\/05\/proevex_casetas_de_madera_03-1024x614.jpg\" class=\"attachment-large size-large wp-image-1239\" alt=\"proevex_casetas_de_madera_03\" srcset=\"https:\/\/proevex.com\/wp-content\/uploads\/2025\/05\/proevex_casetas_de_madera_03-1024x614.jpg 1024w, https:\/\/proevex.com\/wp-content\/uploads\/2025\/05\/proevex_casetas_de_madera_03-300x180.jpg 300w, https:\/\/proevex.com\/wp-content\/uploads\/2025\/05\/proevex_casetas_de_madera_03-768x461.jpg 768w, https:\/\/proevex.com\/wp-content\/uploads\/2025\/05\/proevex_casetas_de_madera_03-1536x922.jpg 1536w, https:\/\/proevex.com\/wp-content\/uploads\/2025\/05\/proevex_casetas_de_madera_03-18x12.jpg 18w, https:\/\/proevex.com\/wp-content\/uploads\/2025\/05\/proevex_casetas_de_madera_03.jpg 2000w\" sizes=\"(max-width: 800px) 100vw, 800px\" \/>\t\t\t\t\t\t\t\t<\/a>\n\t\t\t\t\t\t\t\t\t\t\t\t\t\t\t<\/div>\n\t\t\t\t<\/div>\n\t\t\t\t<\/div>\n\t\t\t\t\t<\/div>\n\t\t\t\t<\/div>\n\t\t\t\t<\/div>","protected":false},"excerpt":{"rendered":"<p>Casetas de Madera casetas y stands m\u00f3viles de madera para todo tipo de eventos exteriores \u00fanicas en el mercado por sus caracter\u00edsticas t\u00e9cnicas seguras, robustas, antivuelco, certificadas, resistentes al viento equipadas, instalaci\u00f3n el\u00e9ctrica, mostrador, baldas personalizables con tu marca corporativa y logotipo info caracter\u00edsticas<\/p>","protected":false},"author":1,"featured_media":0,"parent":0,"menu_order":0,"comment_status":"closed","ping_status":"closed","template":"elementor_canvas","meta":{"footnotes":""},"class_list":["post-21","page","type-page","status-publish","hentry"],"yoast_head":"<!-- This site is optimized with the Yoast SEO plugin v27.6 - https:\/\/yoast.com\/product\/yoast-seo-wordpress\/ -->\n<title>CASETAS DE MADERA - Proevex Promotora de Eventos en Exteriores<\/title>\n<meta name=\"robots\" content=\"index, follow, max-snippet:-1, max-image-preview:large, max-video-preview:-1\" \/>\n<link rel=\"canonical\" href=\"https:\/\/proevex.com\/eu\/casetas-de-madera\/\" \/>\n<meta property=\"og:locale\" content=\"en_US\" \/>\n<meta property=\"og:type\" content=\"article\" \/>\n<meta property=\"og:title\" content=\"CASETAS DE MADERA - Proevex Promotora de Eventos en Exteriores\" \/>\n<meta property=\"og:description\" content=\"Casetas de Madera casetas y stands m\u00f3viles de madera para todo tipo de eventos exteriores \u00fanicas en el mercado por sus caracter\u00edsticas t\u00e9cnicas seguras, robustas, antivuelco, certificadas, resistentes al viento equipadas, instalaci\u00f3n el\u00e9ctrica, mostrador, baldas personalizables con tu marca corporativa y logotipo info caracter\u00edsticas\" \/>\n<meta property=\"og:url\" content=\"https:\/\/proevex.com\/eu\/casetas-de-madera\/\" \/>\n<meta property=\"og:site_name\" content=\"Proevex Promotora de Eventos en Exteriores\" \/>\n<meta property=\"article:modified_time\" content=\"2025-10-21T16:02:47+00:00\" \/>\n<meta property=\"og:image\" content=\"https:\/\/proevex.com\/wp-content\/uploads\/2025\/04\/proevex_casetas_de_madera_01.jpg\" \/>\n\t<meta property=\"og:image:width\" content=\"2000\" \/>\n\t<meta property=\"og:image:height\" content=\"1200\" \/>\n\t<meta property=\"og:image:type\" content=\"image\/jpeg\" \/>\n<meta name=\"twitter:card\" content=\"summary_large_image\" \/>\n<meta name=\"twitter:label1\" content=\"Est. reading time\" \/>\n\t<meta name=\"twitter:data1\" content=\"1 minutua\" \/>\n<script type=\"application\/ld+json\" class=\"yoast-schema-graph\">{\"@context\":\"https:\\\/\\\/schema.org\",\"@graph\":[{\"@type\":\"WebPage\",\"@id\":\"https:\\\/\\\/proevex.com\\\/casetas-de-madera\\\/\",\"url\":\"https:\\\/\\\/proevex.com\\\/casetas-de-madera\\\/\",\"name\":\"CASETAS DE MADERA - Proevex Promotora de Eventos en Exteriores\",\"isPartOf\":{\"@id\":\"https:\\\/\\\/proevex.com\\\/#website\"},\"primaryImageOfPage\":{\"@id\":\"https:\\\/\\\/proevex.com\\\/casetas-de-madera\\\/#primaryimage\"},\"image\":{\"@id\":\"https:\\\/\\\/proevex.com\\\/casetas-de-madera\\\/#primaryimage\"},\"thumbnailUrl\":\"https:\\\/\\\/proevex.com\\\/wp-content\\\/uploads\\\/2025\\\/04\\\/proevex_casetas_de_madera_01-1024x614.jpg\",\"datePublished\":\"2025-04-29T11:15:16+00:00\",\"dateModified\":\"2025-10-21T16:02:47+00:00\",\"breadcrumb\":{\"@id\":\"https:\\\/\\\/proevex.com\\\/casetas-de-madera\\\/#breadcrumb\"},\"inLanguage\":\"eu\",\"potentialAction\":[{\"@type\":\"ReadAction\",\"target\":[\"https:\\\/\\\/proevex.com\\\/casetas-de-madera\\\/\"]}]},{\"@type\":\"ImageObject\",\"inLanguage\":\"eu\",\"@id\":\"https:\\\/\\\/proevex.com\\\/casetas-de-madera\\\/#primaryimage\",\"url\":\"https:\\\/\\\/proevex.com\\\/wp-content\\\/uploads\\\/2025\\\/04\\\/proevex_casetas_de_madera_01-1024x614.jpg\",\"contentUrl\":\"https:\\\/\\\/proevex.com\\\/wp-content\\\/uploads\\\/2025\\\/04\\\/proevex_casetas_de_madera_01-1024x614.jpg\"},{\"@type\":\"BreadcrumbList\",\"@id\":\"https:\\\/\\\/proevex.com\\\/casetas-de-madera\\\/#breadcrumb\",\"itemListElement\":[{\"@type\":\"ListItem\",\"position\":1,\"name\":\"Portada\",\"item\":\"https:\\\/\\\/proevex.com\\\/\"},{\"@type\":\"ListItem\",\"position\":2,\"name\":\"CASETAS DE MADERA\"}]},{\"@type\":\"WebSite\",\"@id\":\"https:\\\/\\\/proevex.com\\\/#website\",\"url\":\"https:\\\/\\\/proevex.com\\\/\",\"name\":\"Proevex Promotora de Eventos en Exteriores\",\"description\":\"\",\"publisher\":{\"@id\":\"https:\\\/\\\/proevex.com\\\/#organization\"},\"potentialAction\":[{\"@type\":\"SearchAction\",\"target\":{\"@type\":\"EntryPoint\",\"urlTemplate\":\"https:\\\/\\\/proevex.com\\\/?s={search_term_string}\"},\"query-input\":{\"@type\":\"PropertyValueSpecification\",\"valueRequired\":true,\"valueName\":\"search_term_string\"}}],\"inLanguage\":\"eu\"},{\"@type\":\"Organization\",\"@id\":\"https:\\\/\\\/proevex.com\\\/#organization\",\"name\":\"Proevex Promotora de Eventos en Exteriores\",\"url\":\"https:\\\/\\\/proevex.com\\\/\",\"logo\":{\"@type\":\"ImageObject\",\"inLanguage\":\"eu\",\"@id\":\"https:\\\/\\\/proevex.com\\\/#\\\/schema\\\/logo\\\/image\\\/\",\"url\":\"https:\\\/\\\/proevex.com\\\/wp-content\\\/uploads\\\/2025\\\/04\\\/cropped-PROEVEX_Logotipo.png\",\"contentUrl\":\"https:\\\/\\\/proevex.com\\\/wp-content\\\/uploads\\\/2025\\\/04\\\/cropped-PROEVEX_Logotipo.png\",\"width\":1297,\"height\":358,\"caption\":\"Proevex Promotora de Eventos en Exteriores\"},\"image\":{\"@id\":\"https:\\\/\\\/proevex.com\\\/#\\\/schema\\\/logo\\\/image\\\/\"}}]}<\/script>\n<!-- \/ Yoast SEO plugin. -->","yoast_head_json":{"title":"CASETAS DE MADERA - Proevex Promotora de Eventos en Exteriores","robots":{"index":"index","follow":"follow","max-snippet":"max-snippet:-1","max-image-preview":"max-image-preview:large","max-video-preview":"max-video-preview:-1"},"canonical":"https:\/\/proevex.com\/eu\/casetas-de-madera\/","og_locale":"en_US","og_type":"article","og_title":"CASETAS DE MADERA - Proevex Promotora de Eventos en Exteriores","og_description":"Casetas de Madera casetas y stands m\u00f3viles de madera para todo tipo de eventos exteriores \u00fanicas en el mercado por sus caracter\u00edsticas t\u00e9cnicas seguras, robustas, antivuelco, certificadas, resistentes al viento equipadas, instalaci\u00f3n el\u00e9ctrica, mostrador, baldas personalizables con tu marca corporativa y logotipo info caracter\u00edsticas","og_url":"https:\/\/proevex.com\/eu\/casetas-de-madera\/","og_site_name":"Proevex Promotora de Eventos en Exteriores","article_modified_time":"2025-10-21T16:02:47+00:00","og_image":[{"width":2000,"height":1200,"url":"https:\/\/proevex.com\/wp-content\/uploads\/2025\/04\/proevex_casetas_de_madera_01.jpg","type":"image\/jpeg"}],"twitter_card":"summary_large_image","twitter_misc":{"Est. reading time":"1 minutua"},"schema":{"@context":"https:\/\/schema.org","@graph":[{"@type":"WebPage","@id":"https:\/\/proevex.com\/casetas-de-madera\/","url":"https:\/\/proevex.com\/casetas-de-madera\/","name":"CASETAS DE MADERA - Proevex Promotora de Eventos en Exteriores","isPartOf":{"@id":"https:\/\/proevex.com\/#website"},"primaryImageOfPage":{"@id":"https:\/\/proevex.com\/casetas-de-madera\/#primaryimage"},"image":{"@id":"https:\/\/proevex.com\/casetas-de-madera\/#primaryimage"},"thumbnailUrl":"https:\/\/proevex.com\/wp-content\/uploads\/2025\/04\/proevex_casetas_de_madera_01-1024x614.jpg","datePublished":"2025-04-29T11:15:16+00:00","dateModified":"2025-10-21T16:02:47+00:00","breadcrumb":{"@id":"https:\/\/proevex.com\/casetas-de-madera\/#breadcrumb"},"inLanguage":"eu","potentialAction":[{"@type":"ReadAction","target":["https:\/\/proevex.com\/casetas-de-madera\/"]}]},{"@type":"ImageObject","inLanguage":"eu","@id":"https:\/\/proevex.com\/casetas-de-madera\/#primaryimage","url":"https:\/\/proevex.com\/wp-content\/uploads\/2025\/04\/proevex_casetas_de_madera_01-1024x614.jpg","contentUrl":"https:\/\/proevex.com\/wp-content\/uploads\/2025\/04\/proevex_casetas_de_madera_01-1024x614.jpg"},{"@type":"BreadcrumbList","@id":"https:\/\/proevex.com\/casetas-de-madera\/#breadcrumb","itemListElement":[{"@type":"ListItem","position":1,"name":"Portada","item":"https:\/\/proevex.com\/"},{"@type":"ListItem","position":2,"name":"CASETAS DE MADERA"}]},{"@type":"WebSite","@id":"https:\/\/proevex.com\/#website","url":"https:\/\/proevex.com\/","name":"Proevex Promotora de Eventos en Exteriores","description":"","publisher":{"@id":"https:\/\/proevex.com\/#organization"},"potentialAction":[{"@type":"SearchAction","target":{"@type":"EntryPoint","urlTemplate":"https:\/\/proevex.com\/?s={search_term_string}"},"query-input":{"@type":"PropertyValueSpecification","valueRequired":true,"valueName":"search_term_string"}}],"inLanguage":"eu"},{"@type":"Organization","@id":"https:\/\/proevex.com\/#organization","name":"Proevex Promotora de Eventos en Exteriores","url":"https:\/\/proevex.com\/","logo":{"@type":"ImageObject","inLanguage":"eu","@id":"https:\/\/proevex.com\/#\/schema\/logo\/image\/","url":"https:\/\/proevex.com\/wp-content\/uploads\/2025\/04\/cropped-PROEVEX_Logotipo.png","contentUrl":"https:\/\/proevex.com\/wp-content\/uploads\/2025\/04\/cropped-PROEVEX_Logotipo.png","width":1297,"height":358,"caption":"Proevex Promotora de Eventos en Exteriores"},"image":{"@id":"https:\/\/proevex.com\/#\/schema\/logo\/image\/"}}]}},"_links":{"self":[{"href":"https:\/\/proevex.com\/eu\/wp-json\/wp\/v2\/pages\/21","targetHints":{"allow":["GET"]}}],"collection":[{"href":"https:\/\/proevex.com\/eu\/wp-json\/wp\/v2\/pages"}],"about":[{"href":"https:\/\/proevex.com\/eu\/wp-json\/wp\/v2\/types\/page"}],"author":[{"embeddable":true,"href":"https:\/\/proevex.com\/eu\/wp-json\/wp\/v2\/users\/1"}],"replies":[{"embeddable":true,"href":"https:\/\/proevex.com\/eu\/wp-json\/wp\/v2\/comments?post=21"}],"version-history":[{"count":82,"href":"https:\/\/proevex.com\/eu\/wp-json\/wp\/v2\/pages\/21\/revisions"}],"predecessor-version":[{"id":3702,"href":"https:\/\/proevex.com\/eu\/wp-json\/wp\/v2\/pages\/21\/revisions\/3702"}],"wp:attachment":[{"href":"https:\/\/proevex.com\/eu\/wp-json\/wp\/v2\/media?parent=21"}],"curies":[{"name":"wp","href":"https:\/\/api.w.org\/{rel}","templated":true}]}}