{"id":25,"date":"2025-04-29T11:15:59","date_gmt":"2025-04-29T11:15:59","guid":{"rendered":"https:\/\/proevex.rkinformatika.online\/?page_id=25"},"modified":"2025-10-21T16:09:57","modified_gmt":"2025-10-21T16:09:57","slug":"espacios-personalizados","status":"publish","type":"page","link":"https:\/\/proevex.com\/eu\/espacios-personalizados\/","title":{"rendered":"ESPAZIO PERTSONALIZATUAK"},"content":{"rendered":"<div data-elementor-type=\"wp-page\" data-elementor-id=\"25\" class=\"elementor elementor-25\" data-elementor-post-type=\"page\">\n\t\t\t\t<div class=\"elementor-element elementor-element-6625ff1 e-flex e-con-boxed e-con e-parent\" data-id=\"6625ff1\" data-element_type=\"container\" data-e-type=\"container\" data-settings=\"{&quot;background_background&quot;:&quot;classic&quot;}\">\n\t\t\t\t\t<div class=\"e-con-inner\">\n\t\t\t\t\t<\/div>\n\t\t\t\t<\/div>\n\t\t<div class=\"elementor-element elementor-element-1dd2f5d e-flex e-con-boxed e-con e-parent\" data-id=\"1dd2f5d\" data-element_type=\"container\" data-e-type=\"container\">\n\t\t\t\t\t<div class=\"e-con-inner\">\n\t\t<div class=\"elementor-element elementor-element-fdaf92b e-con-full e-flex e-con e-child\" data-id=\"fdaf92b\" data-element_type=\"container\" data-e-type=\"container\">\n\t\t\t\t<div class=\"elementor-element elementor-element-685c751 elementor-widget elementor-widget-heading\" data-id=\"685c751\" data-element_type=\"widget\" data-e-type=\"widget\" data-widget_type=\"heading.default\">\n\t\t\t\t<div class=\"elementor-widget-container\">\n\t\t\t\t\t<h2 class=\"elementor-heading-title elementor-size-default\">Espacios Personalizados<\/h2>\t\t\t\t<\/div>\n\t\t\t\t<\/div>\n\t\t\t\t<div class=\"elementor-element elementor-element-64e533e elementor-align-start elementor-icon-list--layout-traditional elementor-list-item-link-full_width elementor-widget elementor-widget-icon-list\" data-id=\"64e533e\" data-element_type=\"widget\" data-e-type=\"widget\" data-widget_type=\"icon-list.default\">\n\t\t\t\t<div class=\"elementor-widget-container\">\n\t\t\t\t\t\t\t<ul class=\"elementor-icon-list-items\">\n\t\t\t\t\t\t\t<li class=\"elementor-icon-list-item\">\n\t\t\t\t\t\t\t\t\t\t\t<span class=\"elementor-icon-list-icon\">\n\t\t\t\t\t\t\t<svg aria-hidden=\"true\" class=\"e-font-icon-svg e-far-circle\" viewbox=\"0 0 512 512\" xmlns=\"http:\/\/www.w3.org\/2000\/svg\"><path d=\"M256 8C119 8 8 119 8 256s111 248 248 248 248-111 248-248S393 8 256 8zm0 448c-110.5 0-200-89.5-200-200S145.5 56 256 56s200 89.5 200 200-89.5 200-200 200z\"><\/path><\/svg>\t\t\t\t\t\t<\/span>\n\t\t\t\t\t\t\t\t\t\t<span class=\"elementor-icon-list-text\">en proevex\u00ae podemos ofrecerte espacios que se adapten 100% a tus necesidades<\/span>\n\t\t\t\t\t\t\t\t\t<\/li>\n\t\t\t\t\t\t\t\t<li class=\"elementor-icon-list-item\">\n\t\t\t\t\t\t\t\t\t\t\t<span class=\"elementor-icon-list-icon\">\n\t\t\t\t\t\t\t<svg aria-hidden=\"true\" class=\"e-font-icon-svg e-far-circle\" viewbox=\"0 0 512 512\" xmlns=\"http:\/\/www.w3.org\/2000\/svg\"><path d=\"M256 8C119 8 8 119 8 256s111 248 248 248 248-111 248-248S393 8 256 8zm0 448c-110.5 0-200-89.5-200-200S145.5 56 256 56s200 89.5 200 200-89.5 200-200 200z\"><\/path><\/svg>\t\t\t\t\t\t<\/span>\n\t\t\t\t\t\t\t\t\t\t<span class=\"elementor-icon-list-text\">Disponemos de un equipo t\u00e9cnico altamente cualificado para analizar cada situaci\u00f3n, proponer y desarrollar el espacio m\u00f3vil m\u00e1s adecuado<\/span>\n\t\t\t\t\t\t\t\t\t<\/li>\n\t\t\t\t\t\t\t\t<li class=\"elementor-icon-list-item\">\n\t\t\t\t\t\t\t\t\t\t\t<span class=\"elementor-icon-list-icon\">\n\t\t\t\t\t\t\t<svg aria-hidden=\"true\" class=\"e-font-icon-svg e-far-circle\" viewbox=\"0 0 512 512\" xmlns=\"http:\/\/www.w3.org\/2000\/svg\"><path d=\"M256 8C119 8 8 119 8 256s111 248 248 248 248-111 248-248S393 8 256 8zm0 448c-110.5 0-200-89.5-200-200S145.5 56 256 56s200 89.5 200 200-89.5 200-200 200z\"><\/path><\/svg>\t\t\t\t\t\t<\/span>\n\t\t\t\t\t\t\t\t\t\t<span class=\"elementor-icon-list-text\">damos respuesta a todo tipo de sectores:  ferias, hosteler\u00eda, exposici\u00f3n, industria, audiovisuales, sanidad, instituciones,\u2026<\/span>\n\t\t\t\t\t\t\t\t\t<\/li>\n\t\t\t\t\t\t\t\t<li class=\"elementor-icon-list-item\">\n\t\t\t\t\t\t\t\t\t\t\t<span class=\"elementor-icon-list-icon\">\n\t\t\t\t\t\t\t<svg aria-hidden=\"true\" class=\"e-font-icon-svg e-far-circle\" viewbox=\"0 0 512 512\" xmlns=\"http:\/\/www.w3.org\/2000\/svg\"><path d=\"M256 8C119 8 8 119 8 256s111 248 248 248 248-111 248-248S393 8 256 8zm0 448c-110.5 0-200-89.5-200-200S145.5 56 256 56s200 89.5 200 200-89.5 200-200 200z\"><\/path><\/svg>\t\t\t\t\t\t<\/span>\n\t\t\t\t\t\t\t\t\t\t<span class=\"elementor-icon-list-text\">no dudes en contactarnos, exponernos tu caso y dejarte asesorar por nuestro equipo<\/span>\n\t\t\t\t\t\t\t\t\t<\/li>\n\t\t\t\t\t\t<\/ul>\n\t\t\t\t\t\t<\/div>\n\t\t\t\t<\/div>\n\t\t\t\t<div class=\"elementor-element elementor-element-fdfef7e elementor-align-left e-transform elementor-widget elementor-widget-button\" data-id=\"fdfef7e\" data-element_type=\"widget\" data-e-type=\"widget\" data-settings=\"{&quot;_transform_translateX_effect_hover&quot;:{&quot;unit&quot;:&quot;px&quot;,&quot;size&quot;:5,&quot;sizes&quot;:[]},&quot;_transform_translateY_effect_hover&quot;:{&quot;unit&quot;:&quot;px&quot;,&quot;size&quot;:5,&quot;sizes&quot;:[]},&quot;_transform_translateX_effect_hover_tablet&quot;:{&quot;unit&quot;:&quot;px&quot;,&quot;size&quot;:&quot;&quot;,&quot;sizes&quot;:[]},&quot;_transform_translateX_effect_hover_mobile&quot;:{&quot;unit&quot;:&quot;px&quot;,&quot;size&quot;:&quot;&quot;,&quot;sizes&quot;:[]},&quot;_transform_translateY_effect_hover_tablet&quot;:{&quot;unit&quot;:&quot;px&quot;,&quot;size&quot;:&quot;&quot;,&quot;sizes&quot;:[]},&quot;_transform_translateY_effect_hover_mobile&quot;:{&quot;unit&quot;:&quot;px&quot;,&quot;size&quot;:&quot;&quot;,&quot;sizes&quot;:[]}}\" data-widget_type=\"button.default\">\n\t\t\t\t<div class=\"elementor-widget-container\">\n\t\t\t\t\t\t\t\t\t<div class=\"elementor-button-wrapper\">\n\t\t\t\t\t<a class=\"elementor-button elementor-button-link elementor-size-sm\" href=\"https:\/\/proevex.com\/eu\/alquiler-de-espacios\/\">\n\t\t\t\t\t\t<span class=\"elementor-button-content-wrapper\">\n\t\t\t\t\t\t<span class=\"elementor-button-icon\">\n\t\t\t\t<svg aria-hidden=\"true\" class=\"e-font-icon-svg e-fas-plus\" viewbox=\"0 0 448 512\" xmlns=\"http:\/\/www.w3.org\/2000\/svg\"><path d=\"M416 208H272V64c0-17.67-14.33-32-32-32h-32c-17.67 0-32 14.33-32 32v144H32c-17.67 0-32 14.33-32 32v32c0 17.67 14.33 32 32 32h144v144c0 17.67 14.33 32 32 32h32c17.67 0 32-14.33 32-32V304h144c17.67 0 32-14.33 32-32v-32c0-17.67-14.33-32-32-32z\"><\/path><\/svg>\t\t\t<\/span>\n\t\t\t\t\t\t\t\t\t<span class=\"elementor-button-text\">info<\/span>\n\t\t\t\t\t<\/span>\n\t\t\t\t\t<\/a>\n\t\t\t\t<\/div>\n\t\t\t\t\t\t\t\t<\/div>\n\t\t\t\t<\/div>\n\t\t\t\t<\/div>\n\t\t<div class=\"elementor-element elementor-element-07e3d33 e-con-full e-flex e-con e-child\" data-id=\"07e3d33\" data-element_type=\"container\" data-e-type=\"container\">\n\t\t\t\t<div class=\"elementor-element elementor-element-49e77b6 elementor-widget elementor-widget-image\" data-id=\"49e77b6\" data-element_type=\"widget\" data-e-type=\"widget\" data-widget_type=\"image.default\">\n\t\t\t\t<div class=\"elementor-widget-container\">\n\t\t\t\t\t\t\t\t\t\t\t\t\t\t\t\t<a href=\"https:\/\/proevex.com\/wp-content\/uploads\/2025\/04\/proevex_espacios_personalizados_01.jpg\" data-elementor-open-lightbox=\"yes\" data-elementor-lightbox-title=\"proevex_espacios_personalizados_01\" data-elementor-lightbox-description=\"proevex_espacios_personalizados_01\" data-e-action-hash=\"#elementor-action%3Aaction%3Dlightbox%26settings%3DeyJpZCI6MTMxLCJ1cmwiOiJodHRwczpcL1wvcHJvZXZleC5jb21cL3dwLWNvbnRlbnRcL3VwbG9hZHNcLzIwMjVcLzA0XC9wcm9ldmV4X2VzcGFjaW9zX3BlcnNvbmFsaXphZG9zXzAxLmpwZyJ9\">\n\t\t\t\t\t\t\t<img fetchpriority=\"high\" decoding=\"async\" width=\"800\" height=\"480\" src=\"https:\/\/proevex.com\/wp-content\/uploads\/2025\/04\/proevex_espacios_personalizados_01-1024x614.jpg\" class=\"attachment-large size-large wp-image-131\" alt=\"proevex_espacios_personalizados_01\" srcset=\"https:\/\/proevex.com\/wp-content\/uploads\/2025\/04\/proevex_espacios_personalizados_01-1024x614.jpg 1024w, https:\/\/proevex.com\/wp-content\/uploads\/2025\/04\/proevex_espacios_personalizados_01-300x180.jpg 300w, https:\/\/proevex.com\/wp-content\/uploads\/2025\/04\/proevex_espacios_personalizados_01-768x461.jpg 768w, https:\/\/proevex.com\/wp-content\/uploads\/2025\/04\/proevex_espacios_personalizados_01-1536x922.jpg 1536w, https:\/\/proevex.com\/wp-content\/uploads\/2025\/04\/proevex_espacios_personalizados_01-18x12.jpg 18w, https:\/\/proevex.com\/wp-content\/uploads\/2025\/04\/proevex_espacios_personalizados_01.jpg 2000w\" sizes=\"(max-width: 800px) 100vw, 800px\" \/>\t\t\t\t\t\t\t\t<\/a>\n\t\t\t\t\t\t\t\t\t\t\t\t\t\t\t<\/div>\n\t\t\t\t<\/div>\n\t\t\t\t<\/div>\n\t\t<div class=\"elementor-element elementor-element-862ccb9 e-con-full elementor-hidden-tablet e-flex e-con e-child\" data-id=\"862ccb9\" data-element_type=\"container\" data-e-type=\"container\">\n\t\t\t\t<div class=\"elementor-element elementor-element-a17ae4d elementor-widget elementor-widget-image\" data-id=\"a17ae4d\" data-element_type=\"widget\" data-e-type=\"widget\" data-widget_type=\"image.default\">\n\t\t\t\t<div class=\"elementor-widget-container\">\n\t\t\t\t\t\t\t\t\t\t\t\t\t\t\t<img decoding=\"async\" width=\"800\" height=\"480\" src=\"https:\/\/proevex.com\/wp-content\/uploads\/2025\/04\/proevex_espacios_personalizados_02.jpg\" class=\"attachment-large size-large wp-image-130\" alt=\"proevex_espacios_personalizados_02\" srcset=\"https:\/\/proevex.com\/wp-content\/uploads\/2025\/04\/proevex_espacios_personalizados_02.jpg 850w, https:\/\/proevex.com\/wp-content\/uploads\/2025\/04\/proevex_espacios_personalizados_02-300x180.jpg 300w, https:\/\/proevex.com\/wp-content\/uploads\/2025\/04\/proevex_espacios_personalizados_02-768x461.jpg 768w, https:\/\/proevex.com\/wp-content\/uploads\/2025\/04\/proevex_espacios_personalizados_02-18x12.jpg 18w\" sizes=\"(max-width: 800px) 100vw, 800px\" \/>\t\t\t\t\t\t\t\t\t\t\t\t\t\t\t<\/div>\n\t\t\t\t<\/div>\n\t\t\t\t<\/div>\n\t\t<div class=\"elementor-element elementor-element-599924f e-con-full e-flex e-con e-child\" data-id=\"599924f\" data-element_type=\"container\" data-e-type=\"container\">\n\t\t\t\t<div class=\"elementor-element elementor-element-6700554 elementor-widget elementor-widget-heading\" data-id=\"6700554\" data-element_type=\"widget\" data-e-type=\"widget\" data-widget_type=\"heading.default\">\n\t\t\t\t<div class=\"elementor-widget-container\">\n\t\t\t\t\t<h2 class=\"elementor-heading-title elementor-size-default\">Casetas hay muchas, como las de PROEVEX\u00ae ninguna<\/h2>\t\t\t\t<\/div>\n\t\t\t\t<\/div>\n\t\t\t\t<div class=\"elementor-element elementor-element-92640d5 elementor-align-center elementor-widget elementor-widget-button\" data-id=\"92640d5\" data-element_type=\"widget\" data-e-type=\"widget\" data-widget_type=\"button.default\">\n\t\t\t\t<div class=\"elementor-widget-container\">\n\t\t\t\t\t\t\t\t\t<div class=\"elementor-button-wrapper\">\n\t\t\t\t\t<a class=\"elementor-button elementor-button-link elementor-size-sm\" href=\"https:\/\/proevex.com\/wp-content\/uploads\/2025\/05\/proevex_casetas_de_madera_caracteristicas.pdf\">\n\t\t\t\t\t\t<span class=\"elementor-button-content-wrapper\">\n\t\t\t\t\t\t\t\t\t<span class=\"elementor-button-text\">Descargar PDF<\/span>\n\t\t\t\t\t<\/span>\n\t\t\t\t\t<\/a>\n\t\t\t\t<\/div>\n\t\t\t\t\t\t\t\t<\/div>\n\t\t\t\t<\/div>\n\t\t\t\t<\/div>\n\t\t\t\t\t<\/div>\n\t\t\t\t<\/div>\n\t\t\t\t<\/div>","protected":false},"excerpt":{"rendered":"<p>Espacios Personalizados en proevex\u00ae podemos ofrecerte espacios que se adapten 100% a tus necesidades Disponemos de un equipo t\u00e9cnico altamente cualificado para analizar cada situaci\u00f3n, proponer y desarrollar el espacio m\u00f3vil m\u00e1s adecuado damos respuesta a todo tipo de sectores: ferias, hosteler\u00eda, exposici\u00f3n, industria, audiovisuales, sanidad, instituciones,\u2026 no dudes en contactarnos, exponernos tu caso y [&hellip;]<\/p>\n","protected":false},"author":1,"featured_media":0,"parent":0,"menu_order":0,"comment_status":"closed","ping_status":"closed","template":"elementor_canvas","meta":{"footnotes":""},"class_list":["post-25","page","type-page","status-publish","hentry"],"yoast_head":"<!-- This site is optimized with the Yoast SEO plugin v27.6 - https:\/\/yoast.com\/product\/yoast-seo-wordpress\/ -->\n<title>ESPACIOS PERSONALIZADOS - Proevex Promotora de Eventos en Exteriores<\/title>\n<meta name=\"robots\" content=\"index, follow, max-snippet:-1, max-image-preview:large, max-video-preview:-1\" \/>\n<link rel=\"canonical\" href=\"https:\/\/proevex.com\/eu\/espacios-personalizados\/\" \/>\n<meta property=\"og:locale\" content=\"en_US\" \/>\n<meta property=\"og:type\" content=\"article\" \/>\n<meta property=\"og:title\" content=\"ESPACIOS PERSONALIZADOS - Proevex Promotora de Eventos en Exteriores\" \/>\n<meta property=\"og:description\" content=\"Espacios Personalizados en proevex\u00ae podemos ofrecerte espacios que se adapten 100% a tus necesidades Disponemos de un equipo t\u00e9cnico altamente cualificado para analizar cada situaci\u00f3n, proponer y desarrollar el espacio m\u00f3vil m\u00e1s adecuado damos respuesta a todo tipo de sectores: ferias, hosteler\u00eda, exposici\u00f3n, industria, audiovisuales, sanidad, instituciones,\u2026 no dudes en contactarnos, exponernos tu caso y [&hellip;]\" \/>\n<meta property=\"og:url\" content=\"https:\/\/proevex.com\/eu\/espacios-personalizados\/\" \/>\n<meta property=\"og:site_name\" content=\"Proevex Promotora de Eventos en Exteriores\" \/>\n<meta property=\"article:modified_time\" content=\"2025-10-21T16:09:57+00:00\" \/>\n<meta property=\"og:image\" content=\"https:\/\/proevex.com\/wp-content\/uploads\/2025\/04\/proevex_espacios_personalizados_01.jpg\" \/>\n\t<meta property=\"og:image:width\" content=\"2000\" \/>\n\t<meta property=\"og:image:height\" content=\"1200\" \/>\n\t<meta property=\"og:image:type\" content=\"image\/jpeg\" \/>\n<meta name=\"twitter:card\" content=\"summary_large_image\" \/>\n<meta name=\"twitter:label1\" content=\"Est. reading time\" \/>\n\t<meta name=\"twitter:data1\" content=\"1 minutua\" \/>\n<script type=\"application\/ld+json\" class=\"yoast-schema-graph\">{\"@context\":\"https:\\\/\\\/schema.org\",\"@graph\":[{\"@type\":\"WebPage\",\"@id\":\"https:\\\/\\\/proevex.com\\\/espacios-personalizados\\\/\",\"url\":\"https:\\\/\\\/proevex.com\\\/espacios-personalizados\\\/\",\"name\":\"ESPACIOS PERSONALIZADOS - Proevex Promotora de Eventos en Exteriores\",\"isPartOf\":{\"@id\":\"https:\\\/\\\/proevex.com\\\/#website\"},\"primaryImageOfPage\":{\"@id\":\"https:\\\/\\\/proevex.com\\\/espacios-personalizados\\\/#primaryimage\"},\"image\":{\"@id\":\"https:\\\/\\\/proevex.com\\\/espacios-personalizados\\\/#primaryimage\"},\"thumbnailUrl\":\"https:\\\/\\\/proevex.com\\\/wp-content\\\/uploads\\\/2025\\\/04\\\/proevex_espacios_personalizados_01-1024x614.jpg\",\"datePublished\":\"2025-04-29T11:15:59+00:00\",\"dateModified\":\"2025-10-21T16:09:57+00:00\",\"breadcrumb\":{\"@id\":\"https:\\\/\\\/proevex.com\\\/espacios-personalizados\\\/#breadcrumb\"},\"inLanguage\":\"eu\",\"potentialAction\":[{\"@type\":\"ReadAction\",\"target\":[\"https:\\\/\\\/proevex.com\\\/espacios-personalizados\\\/\"]}]},{\"@type\":\"ImageObject\",\"inLanguage\":\"eu\",\"@id\":\"https:\\\/\\\/proevex.com\\\/espacios-personalizados\\\/#primaryimage\",\"url\":\"https:\\\/\\\/proevex.com\\\/wp-content\\\/uploads\\\/2025\\\/04\\\/proevex_espacios_personalizados_01-1024x614.jpg\",\"contentUrl\":\"https:\\\/\\\/proevex.com\\\/wp-content\\\/uploads\\\/2025\\\/04\\\/proevex_espacios_personalizados_01-1024x614.jpg\"},{\"@type\":\"BreadcrumbList\",\"@id\":\"https:\\\/\\\/proevex.com\\\/espacios-personalizados\\\/#breadcrumb\",\"itemListElement\":[{\"@type\":\"ListItem\",\"position\":1,\"name\":\"Portada\",\"item\":\"https:\\\/\\\/proevex.com\\\/\"},{\"@type\":\"ListItem\",\"position\":2,\"name\":\"ESPACIOS PERSONALIZADOS\"}]},{\"@type\":\"WebSite\",\"@id\":\"https:\\\/\\\/proevex.com\\\/#website\",\"url\":\"https:\\\/\\\/proevex.com\\\/\",\"name\":\"Proevex Promotora de Eventos en Exteriores\",\"description\":\"\",\"publisher\":{\"@id\":\"https:\\\/\\\/proevex.com\\\/#organization\"},\"potentialAction\":[{\"@type\":\"SearchAction\",\"target\":{\"@type\":\"EntryPoint\",\"urlTemplate\":\"https:\\\/\\\/proevex.com\\\/?s={search_term_string}\"},\"query-input\":{\"@type\":\"PropertyValueSpecification\",\"valueRequired\":true,\"valueName\":\"search_term_string\"}}],\"inLanguage\":\"eu\"},{\"@type\":\"Organization\",\"@id\":\"https:\\\/\\\/proevex.com\\\/#organization\",\"name\":\"Proevex Promotora de Eventos en Exteriores\",\"url\":\"https:\\\/\\\/proevex.com\\\/\",\"logo\":{\"@type\":\"ImageObject\",\"inLanguage\":\"eu\",\"@id\":\"https:\\\/\\\/proevex.com\\\/#\\\/schema\\\/logo\\\/image\\\/\",\"url\":\"https:\\\/\\\/proevex.com\\\/wp-content\\\/uploads\\\/2025\\\/04\\\/cropped-PROEVEX_Logotipo.png\",\"contentUrl\":\"https:\\\/\\\/proevex.com\\\/wp-content\\\/uploads\\\/2025\\\/04\\\/cropped-PROEVEX_Logotipo.png\",\"width\":1297,\"height\":358,\"caption\":\"Proevex Promotora de Eventos en Exteriores\"},\"image\":{\"@id\":\"https:\\\/\\\/proevex.com\\\/#\\\/schema\\\/logo\\\/image\\\/\"}}]}<\/script>\n<!-- \/ Yoast SEO plugin. -->","yoast_head_json":{"title":"ESPACIOS PERSONALIZADOS - Proevex Promotora de Eventos en Exteriores","robots":{"index":"index","follow":"follow","max-snippet":"max-snippet:-1","max-image-preview":"max-image-preview:large","max-video-preview":"max-video-preview:-1"},"canonical":"https:\/\/proevex.com\/eu\/espacios-personalizados\/","og_locale":"en_US","og_type":"article","og_title":"ESPACIOS PERSONALIZADOS - Proevex Promotora de Eventos en Exteriores","og_description":"Espacios Personalizados en proevex\u00ae podemos ofrecerte espacios que se adapten 100% a tus necesidades Disponemos de un equipo t\u00e9cnico altamente cualificado para analizar cada situaci\u00f3n, proponer y desarrollar el espacio m\u00f3vil m\u00e1s adecuado damos respuesta a todo tipo de sectores: ferias, hosteler\u00eda, exposici\u00f3n, industria, audiovisuales, sanidad, instituciones,\u2026 no dudes en contactarnos, exponernos tu caso y [&hellip;]","og_url":"https:\/\/proevex.com\/eu\/espacios-personalizados\/","og_site_name":"Proevex Promotora de Eventos en Exteriores","article_modified_time":"2025-10-21T16:09:57+00:00","og_image":[{"width":2000,"height":1200,"url":"https:\/\/proevex.com\/wp-content\/uploads\/2025\/04\/proevex_espacios_personalizados_01.jpg","type":"image\/jpeg"}],"twitter_card":"summary_large_image","twitter_misc":{"Est. reading time":"1 minutua"},"schema":{"@context":"https:\/\/schema.org","@graph":[{"@type":"WebPage","@id":"https:\/\/proevex.com\/espacios-personalizados\/","url":"https:\/\/proevex.com\/espacios-personalizados\/","name":"ESPACIOS PERSONALIZADOS - Proevex Promotora de Eventos en Exteriores","isPartOf":{"@id":"https:\/\/proevex.com\/#website"},"primaryImageOfPage":{"@id":"https:\/\/proevex.com\/espacios-personalizados\/#primaryimage"},"image":{"@id":"https:\/\/proevex.com\/espacios-personalizados\/#primaryimage"},"thumbnailUrl":"https:\/\/proevex.com\/wp-content\/uploads\/2025\/04\/proevex_espacios_personalizados_01-1024x614.jpg","datePublished":"2025-04-29T11:15:59+00:00","dateModified":"2025-10-21T16:09:57+00:00","breadcrumb":{"@id":"https:\/\/proevex.com\/espacios-personalizados\/#breadcrumb"},"inLanguage":"eu","potentialAction":[{"@type":"ReadAction","target":["https:\/\/proevex.com\/espacios-personalizados\/"]}]},{"@type":"ImageObject","inLanguage":"eu","@id":"https:\/\/proevex.com\/espacios-personalizados\/#primaryimage","url":"https:\/\/proevex.com\/wp-content\/uploads\/2025\/04\/proevex_espacios_personalizados_01-1024x614.jpg","contentUrl":"https:\/\/proevex.com\/wp-content\/uploads\/2025\/04\/proevex_espacios_personalizados_01-1024x614.jpg"},{"@type":"BreadcrumbList","@id":"https:\/\/proevex.com\/espacios-personalizados\/#breadcrumb","itemListElement":[{"@type":"ListItem","position":1,"name":"Portada","item":"https:\/\/proevex.com\/"},{"@type":"ListItem","position":2,"name":"ESPACIOS PERSONALIZADOS"}]},{"@type":"WebSite","@id":"https:\/\/proevex.com\/#website","url":"https:\/\/proevex.com\/","name":"Proevex Promotora de Eventos en Exteriores","description":"","publisher":{"@id":"https:\/\/proevex.com\/#organization"},"potentialAction":[{"@type":"SearchAction","target":{"@type":"EntryPoint","urlTemplate":"https:\/\/proevex.com\/?s={search_term_string}"},"query-input":{"@type":"PropertyValueSpecification","valueRequired":true,"valueName":"search_term_string"}}],"inLanguage":"eu"},{"@type":"Organization","@id":"https:\/\/proevex.com\/#organization","name":"Proevex Promotora de Eventos en Exteriores","url":"https:\/\/proevex.com\/","logo":{"@type":"ImageObject","inLanguage":"eu","@id":"https:\/\/proevex.com\/#\/schema\/logo\/image\/","url":"https:\/\/proevex.com\/wp-content\/uploads\/2025\/04\/cropped-PROEVEX_Logotipo.png","contentUrl":"https:\/\/proevex.com\/wp-content\/uploads\/2025\/04\/cropped-PROEVEX_Logotipo.png","width":1297,"height":358,"caption":"Proevex Promotora de Eventos en Exteriores"},"image":{"@id":"https:\/\/proevex.com\/#\/schema\/logo\/image\/"}}]}},"_links":{"self":[{"href":"https:\/\/proevex.com\/eu\/wp-json\/wp\/v2\/pages\/25","targetHints":{"allow":["GET"]}}],"collection":[{"href":"https:\/\/proevex.com\/eu\/wp-json\/wp\/v2\/pages"}],"about":[{"href":"https:\/\/proevex.com\/eu\/wp-json\/wp\/v2\/types\/page"}],"author":[{"embeddable":true,"href":"https:\/\/proevex.com\/eu\/wp-json\/wp\/v2\/users\/1"}],"replies":[{"embeddable":true,"href":"https:\/\/proevex.com\/eu\/wp-json\/wp\/v2\/comments?post=25"}],"version-history":[{"count":61,"href":"https:\/\/proevex.com\/eu\/wp-json\/wp\/v2\/pages\/25\/revisions"}],"predecessor-version":[{"id":3714,"href":"https:\/\/proevex.com\/eu\/wp-json\/wp\/v2\/pages\/25\/revisions\/3714"}],"wp:attachment":[{"href":"https:\/\/proevex.com\/eu\/wp-json\/wp\/v2\/media?parent=25"}],"curies":[{"name":"wp","href":"https:\/\/api.w.org\/{rel}","templated":true}]}}