{"id":27,"date":"2025-04-29T11:16:16","date_gmt":"2025-04-29T11:16:16","guid":{"rendered":"https:\/\/proevex.rkinformatika.online\/?page_id=27"},"modified":"2025-10-21T16:11:56","modified_gmt":"2025-10-21T16:11:56","slug":"txokoeating","status":"publish","type":"page","link":"https:\/\/proevex.com\/eu\/txokoeating\/","title":{"rendered":"TXOKOEATING@"},"content":{"rendered":"<div data-elementor-type=\"wp-page\" data-elementor-id=\"27\" class=\"elementor elementor-27\" data-elementor-post-type=\"page\">\n\t\t\t\t<div class=\"elementor-element elementor-element-6ae089b e-con-full e-flex e-con e-parent\" data-id=\"6ae089b\" data-element_type=\"container\" data-e-type=\"container\" data-settings=\"{&quot;background_background&quot;:&quot;video&quot;,&quot;background_video_link&quot;:&quot;https:\\\/\\\/youtu.be\\\/twZttFke0aY&quot;,&quot;background_play_on_mobile&quot;:&quot;yes&quot;}\">\n\t\t<div class=\"elementor-background-video-container\">\n\t\t\t\t\t\t\t<div class=\"elementor-background-video-embed\" role=\"presentation\"><\/div>\n\t\t\t\t\t\t<\/div><div class=\"elementor-element elementor-element-d1cc913 e-con-full elementor-hidden-mobile e-flex e-con e-child\" data-id=\"d1cc913\" data-element_type=\"container\" data-e-type=\"container\">\n\t\t\t\t<\/div>\n\t\t\t\t<\/div>\n\t\t<div class=\"elementor-element elementor-element-03d3112 e-con-full e-flex e-con e-parent\" data-id=\"03d3112\" data-element_type=\"container\" data-e-type=\"container\" data-settings=\"{&quot;background_background&quot;:&quot;classic&quot;}\">\n\t\t<div class=\"elementor-element elementor-element-1906767 e-con-full e-flex e-con e-child\" data-id=\"1906767\" data-element_type=\"container\" data-e-type=\"container\">\n\t\t<div class=\"elementor-element elementor-element-6fe630d e-con-full e-flex e-con e-child\" data-id=\"6fe630d\" data-element_type=\"container\" data-e-type=\"container\">\n\t\t\t\t<div class=\"elementor-element elementor-element-9d77f56 elementor-widget elementor-widget-image\" data-id=\"9d77f56\" data-element_type=\"widget\" data-e-type=\"widget\" data-widget_type=\"image.default\">\n\t\t\t\t<div class=\"elementor-widget-container\">\n\t\t\t\t\t\t\t\t\t\t\t\t\t\t\t<img decoding=\"async\" width=\"150\" height=\"57\" src=\"https:\/\/proevex.com\/wp-content\/uploads\/2025\/05\/image.png\" class=\"attachment-full size-full wp-image-2169\" alt=\"\" srcset=\"https:\/\/proevex.com\/wp-content\/uploads\/2025\/05\/image.png 150w, https:\/\/proevex.com\/wp-content\/uploads\/2025\/05\/image-18x7.png 18w\" sizes=\"(max-width: 150px) 100vw, 150px\" \/>\t\t\t\t\t\t\t\t\t\t\t\t\t\t\t<\/div>\n\t\t\t\t<\/div>\n\t\t\t\t<div class=\"elementor-element elementor-element-f0f2092 elementor-widget elementor-widget-heading\" data-id=\"f0f2092\" data-element_type=\"widget\" data-e-type=\"widget\" data-widget_type=\"heading.default\">\n\t\t\t\t<div class=\"elementor-widget-container\">\n\t\t\t\t\t<h2 class=\"elementor-heading-title elementor-size-default\">Un innovador sistema de terrazas como resultado<br>de una constante investigaci\u00f3n en b\u00fasqueda <br>de la excelencia.<\/h2>\t\t\t\t<\/div>\n\t\t\t\t<\/div>\n\t\t\t\t<div class=\"elementor-element elementor-element-7b947d1 elementor-widget elementor-widget-heading\" data-id=\"7b947d1\" data-element_type=\"widget\" data-e-type=\"widget\" data-widget_type=\"heading.default\">\n\t\t\t\t<div class=\"elementor-widget-container\">\n\t\t\t\t\t<h2 class=\"elementor-heading-title elementor-size-default\">*de todas las crisis surgen oportunidades<\/h2>\t\t\t\t<\/div>\n\t\t\t\t<\/div>\n\t\t\t\t<\/div>\n\t\t<div class=\"elementor-element elementor-element-db9a6e4 e-con-full e-flex e-con e-child\" data-id=\"db9a6e4\" data-element_type=\"container\" data-e-type=\"container\">\n\t\t<div class=\"elementor-element elementor-element-8392ee6 e-con-full e-flex e-con e-child\" data-id=\"8392ee6\" data-element_type=\"container\" data-e-type=\"container\">\n\t\t\t\t<div class=\"elementor-element elementor-element-9779df1 elementor-widget elementor-widget-eael-adv-accordion\" data-id=\"9779df1\" data-element_type=\"widget\" data-e-type=\"widget\" data-widget_type=\"eael-adv-accordion.default\">\n\t\t\t\t<div class=\"elementor-widget-container\">\n\t\t\t\t\t            <div class=\"eael-adv-accordion\" id=\"eael-adv-accordion-9779df1\" data-scroll-on-click=\"no\" data-scroll-speed=\"300\" data-accordion-id=\"9779df1\" data-accordion-type=\"accordion\" data-toogle-speed=\"300\">\n            <div class=\"eael-accordion-list\">\n\t\t\t\t\t<div id=\"txokoeating\" class=\"elementor-tab-title eael-accordion-header\" tabindex=\"0\" data-tab=\"1\" aria-controls=\"elementor-tab-content-1581\"><span class=\"eael-advanced-accordion-icon-closed\"><\/span><span class=\"eael-advanced-accordion-icon-opened\"><\/span><span class=\"eael-accordion-tab-title\">TxokoEating\u00ae<\/span><\/div><div id=\"elementor-tab-content-1581\" class=\"eael-accordion-content clearfix\" data-tab=\"1\" aria-labelledby=\"txokoeating\"><p>Es un nuevo sistema patentado por <strong>PROEVEX\u00ae<\/strong>\u00a0formado por\u00a0mamparas\u00a0de cristal cubiertas que permiten separar las mesas situadas en las terrazas de los establecimientos hosteleros, preservando as\u00ed el distanciamiento social que exige la situaci\u00f3n actual.\u00a0<\/p><\/div>\n\t\t\t\t\t<\/div><div class=\"eael-accordion-list\">\n\t\t\t\t\t<div id=\"info\" class=\"elementor-tab-title eael-accordion-header\" tabindex=\"0\" data-tab=\"2\" aria-controls=\"elementor-tab-content-1582\"><span class=\"eael-advanced-accordion-icon-closed\"><svg aria-hidden=\"true\" class=\"fa-accordion-icon e-font-icon-svg e-fas-plus\" viewbox=\"0 0 448 512\" xmlns=\"http:\/\/www.w3.org\/2000\/svg\"><path d=\"M416 208H272V64c0-17.67-14.33-32-32-32h-32c-17.67 0-32 14.33-32 32v144H32c-17.67 0-32 14.33-32 32v32c0 17.67 14.33 32 32 32h144v144c0 17.67 14.33 32 32 32h32c17.67 0 32-14.33 32-32V304h144c17.67 0 32-14.33 32-32v-32c0-17.67-14.33-32-32-32z\"><\/path><\/svg><\/span><span class=\"eael-advanced-accordion-icon-opened\"><svg aria-hidden=\"true\" class=\"fa-accordion-icon e-font-icon-svg e-fas-minus\" viewbox=\"0 0 448 512\" xmlns=\"http:\/\/www.w3.org\/2000\/svg\"><path d=\"M416 208H32c-17.67 0-32 14.33-32 32v32c0 17.67 14.33 32 32 32h384c17.67 0 32-14.33 32-32v-32c0-17.67-14.33-32-32-32z\"><\/path><\/svg><\/span><span class=\"eael-accordion-tab-title\">INFO...<\/span><\/div><div id=\"elementor-tab-content-1582\" class=\"eael-accordion-content clearfix\" data-tab=\"2\" aria-labelledby=\"info\"><ul><li>Nuestro sistema permite reunir peque\u00f1os n\u00facleos (6-8 personas) como si estuvi\u00e9ramos en familia pudiendo controlarse as\u00ed nuestros contactos.<\/li><li>La instalaci\u00f3n podr\u00e1 extenderse en el tiempo ya que, a diferencia de las terrazas tradicionales al aire libre, con\u00a0<strong>TxokoEating\u00ae<\/strong>estamos protegidos del fr\u00edo o de la lluvia tan habituales en nuestra tierra, sin inoportunas suspensiones de celebraciones por motivos climatol\u00f3gicos<\/li><li>Cuenta con un sistema de climatizaci\u00f3n y purificaci\u00f3n de aire para hacer m\u00e1s c\u00f3moda la estancia de los clientes en momentos climatol\u00f3gicos adversos, creando una sensaci\u00f3n de estar realmente al aire libre gracias a la transparencia del vidrio.<\/li><li>Con el uso de\u00a0<strong>TxokoEating\u00ae<\/strong>podemos contribuir a la reactivaci\u00f3n econ\u00f3mica y a la vuelta a la normalidad de bares y restaurantes de manera r\u00e1pida y sencilla ya que ayudar a cumplir las medidas de seguridad necesarias para evitar riesgos para la salud de usuarios, propietarios y trabajadores.<\/li><li>Pensado como espacio ecol\u00f3gico y respetuoso con la naturaleza, est\u00e1 fabricado en materiales como vidrio, hierro, gres, etc. f\u00e1cilmente desinfectables.<\/li><li>A diferencia de otras terrazas,\u00a0<strong>TxokoEating\u00ae<\/strong>\u00a0respeta los espacios utilizados por los transe\u00fantes, sin invadirlos ni ocasionando problemas con las personas de movilidad reducida, como invidentes, sillas de ruedas, \u2026<\/li><li>Su ubicaci\u00f3n en las zonas de aparcamiento de los veh\u00edculos ser\u00eda la soluci\u00f3n menos controvertida para resolver la convivencia entre peatones, hosteleros, regidores municipales, \u2026<\/li><li>Adem\u00e1s de todo\u2026\u00a0<strong>TxokoEating\u00ae\u00a0<\/strong>ofrece una magn\u00edfica integraci\u00f3n en el espacio de la ciudad por su innovador concepto y su transparencia.<\/li><li>A\u00edsla del molesto ruido de los veh\u00edculos que transitan por la calle.<\/li><li>Un cambio de h\u00e1bitos en el mundo del ocio nos lleva a fomentar los placeres de disfrutar de una buena mesa en una buena compa\u00f1\u00eda y con seguridad.<\/li><\/ul><\/div>\n\t\t\t\t\t<\/div><\/div>\t\t\t\t<\/div>\n\t\t\t\t<\/div>\n\t\t\t\t<\/div>\n\t\t<div class=\"elementor-element elementor-element-247c285 e-con-full e-flex e-con e-child\" data-id=\"247c285\" data-element_type=\"container\" data-e-type=\"container\">\n\t\t<div class=\"elementor-element elementor-element-fd45fbc e-con-full e-flex e-con e-child\" data-id=\"fd45fbc\" data-element_type=\"container\" data-e-type=\"container\">\n\t\t\t\t<div class=\"elementor-element elementor-element-613aa2b elementor-widget elementor-widget-heading\" data-id=\"613aa2b\" data-element_type=\"widget\" data-e-type=\"widget\" data-widget_type=\"heading.default\">\n\t\t\t\t<div class=\"elementor-widget-container\">\n\t\t\t\t\t<h2 class=\"elementor-heading-title elementor-size-default\">Fruto de la innovaci\u00f3n, PROEVEX\u00ae presenta TxokoEating\u00ae<\/h2>\t\t\t\t<\/div>\n\t\t\t\t<\/div>\n\t\t\t\t<\/div>\n\t\t<div class=\"elementor-element elementor-element-6e850db e-con-full e-flex e-con e-child\" data-id=\"6e850db\" data-element_type=\"container\" data-e-type=\"container\">\n\t\t\t\t<div class=\"elementor-element elementor-element-ae5f21c elementor-widget elementor-widget-button\" data-id=\"ae5f21c\" data-element_type=\"widget\" data-e-type=\"widget\" data-widget_type=\"button.default\">\n\t\t\t\t<div class=\"elementor-widget-container\">\n\t\t\t\t\t\t\t\t\t<div class=\"elementor-button-wrapper\">\n\t\t\t\t\t<a class=\"elementor-button elementor-button-link elementor-size-sm elementor-animation-grow\" href=\"https:\/\/proevex.com\/eu\/contacto\/\">\n\t\t\t\t\t\t<span class=\"elementor-button-content-wrapper\">\n\t\t\t\t\t\t\t\t\t<span class=\"elementor-button-text\">Cont\u00e1ctanos<\/span>\n\t\t\t\t\t<\/span>\n\t\t\t\t\t<\/a>\n\t\t\t\t<\/div>\n\t\t\t\t\t\t\t\t<\/div>\n\t\t\t\t<\/div>\n\t\t\t\t<\/div>\n\t\t\t\t<\/div>\n\t\t<div class=\"elementor-element elementor-element-914ca89 e-con-full e-flex e-con e-child\" data-id=\"914ca89\" data-element_type=\"container\" data-e-type=\"container\">\n\t\t\t\t<div class=\"elementor-element elementor-element-e8bf97f elementor-widget elementor-widget-gallery\" data-id=\"e8bf97f\" data-element_type=\"widget\" data-e-type=\"widget\" data-settings=\"{&quot;gap&quot;:{&quot;unit&quot;:&quot;px&quot;,&quot;size&quot;:15,&quot;sizes&quot;:[]},&quot;columns&quot;:5,&quot;gallery_layout&quot;:&quot;grid&quot;,&quot;columns_tablet&quot;:2,&quot;columns_mobile&quot;:1,&quot;gap_tablet&quot;:{&quot;unit&quot;:&quot;px&quot;,&quot;size&quot;:10,&quot;sizes&quot;:[]},&quot;gap_mobile&quot;:{&quot;unit&quot;:&quot;px&quot;,&quot;size&quot;:10,&quot;sizes&quot;:[]},&quot;link_to&quot;:&quot;file&quot;,&quot;aspect_ratio&quot;:&quot;3:2&quot;,&quot;overlay_background&quot;:&quot;yes&quot;,&quot;content_hover_animation&quot;:&quot;fade-in&quot;}\" data-widget_type=\"gallery.default\">\n\t\t\t\t<div class=\"elementor-widget-container\">\n\t\t\t\t\t\t\t<div class=\"elementor-gallery__container\">\n\t\t\t\t\t\t\t<a class=\"e-gallery-item elementor-gallery-item elementor-animated-content\" href=\"https:\/\/proevex.com\/wp-content\/uploads\/2025\/05\/WhatsApp-Image-2020-06-01-at-19.20.55.jpeg\" data-elementor-open-lightbox=\"yes\" data-elementor-lightbox-slideshow=\"e8bf97f\" data-elementor-lightbox-title=\"urbanismo o arquitectura\" data-elementor-lightbox-description=\"urbanismo o arquitectura\" data-e-action-hash=\"#elementor-action%3Aaction%3Dlightbox%26settings%3DeyJpZCI6MjIxNSwidXJsIjoiaHR0cHM6XC9cL3Byb2V2ZXguY29tXC93cC1jb250ZW50XC91cGxvYWRzXC8yMDI1XC8wNVwvV2hhdHNBcHAtSW1hZ2UtMjAyMC0wNi0wMS1hdC0xOS4yMC41NS5qcGVnIiwic2xpZGVzaG93IjoiZThiZjk3ZiJ9\">\n\t\t\t\t\t<div class=\"e-gallery-image elementor-gallery-item__image\" data-thumbnail=\"https:\/\/proevex.com\/wp-content\/uploads\/2025\/05\/WhatsApp-Image-2020-06-01-at-19.20.55.jpeg\" data-width=\"1080\" data-height=\"607\" aria-label=\"urbanismo o arquitectura\" role=\"img\" ><\/div>\n\t\t\t\t\t\t\t\t\t\t\t<div class=\"elementor-gallery-item__overlay\"><\/div>\n\t\t\t\t\t\t\t\t\t\t\t\t\t\t<\/a>\n\t\t\t\t\t\t\t<a class=\"e-gallery-item elementor-gallery-item elementor-animated-content\" href=\"https:\/\/proevex.com\/wp-content\/uploads\/2025\/05\/WhatsApp-Image-2020-06-01-at-19.20.55-1.jpeg\" data-elementor-open-lightbox=\"yes\" data-elementor-lightbox-slideshow=\"e8bf97f\" data-elementor-lightbox-title=\"urbanismo o arquitectura\" data-elementor-lightbox-description=\"urbanismo o arquitectura\" data-e-action-hash=\"#elementor-action%3Aaction%3Dlightbox%26settings%3DeyJpZCI6MjIxNiwidXJsIjoiaHR0cHM6XC9cL3Byb2V2ZXguY29tXC93cC1jb250ZW50XC91cGxvYWRzXC8yMDI1XC8wNVwvV2hhdHNBcHAtSW1hZ2UtMjAyMC0wNi0wMS1hdC0xOS4yMC41NS0xLmpwZWciLCJzbGlkZXNob3ciOiJlOGJmOTdmIn0%3D\">\n\t\t\t\t\t<div class=\"e-gallery-image elementor-gallery-item__image\" data-thumbnail=\"https:\/\/proevex.com\/wp-content\/uploads\/2025\/05\/WhatsApp-Image-2020-06-01-at-19.20.55-1.jpeg\" data-width=\"1080\" data-height=\"607\" aria-label=\"urbanismo o arquitectura\" role=\"img\" ><\/div>\n\t\t\t\t\t\t\t\t\t\t\t<div class=\"elementor-gallery-item__overlay\"><\/div>\n\t\t\t\t\t\t\t\t\t\t\t\t\t\t<\/a>\n\t\t\t\t\t\t\t<a class=\"e-gallery-item elementor-gallery-item elementor-animated-content\" href=\"https:\/\/proevex.com\/wp-content\/uploads\/2025\/05\/WhatsApp-Image-2020-06-01-at-19.20.55-2.jpeg\" data-elementor-open-lightbox=\"yes\" data-elementor-lightbox-slideshow=\"e8bf97f\" data-elementor-lightbox-title=\"urbanismo o arquitectura\" data-elementor-lightbox-description=\"urbanismo o arquitectura\" data-e-action-hash=\"#elementor-action%3Aaction%3Dlightbox%26settings%3DeyJpZCI6MjIxNywidXJsIjoiaHR0cHM6XC9cL3Byb2V2ZXguY29tXC93cC1jb250ZW50XC91cGxvYWRzXC8yMDI1XC8wNVwvV2hhdHNBcHAtSW1hZ2UtMjAyMC0wNi0wMS1hdC0xOS4yMC41NS0yLmpwZWciLCJzbGlkZXNob3ciOiJlOGJmOTdmIn0%3D\">\n\t\t\t\t\t<div class=\"e-gallery-image elementor-gallery-item__image\" data-thumbnail=\"https:\/\/proevex.com\/wp-content\/uploads\/2025\/05\/WhatsApp-Image-2020-06-01-at-19.20.55-2.jpeg\" data-width=\"1080\" data-height=\"607\" aria-label=\"urbanismo o arquitectura\" role=\"img\" ><\/div>\n\t\t\t\t\t\t\t\t\t\t\t<div class=\"elementor-gallery-item__overlay\"><\/div>\n\t\t\t\t\t\t\t\t\t\t\t\t\t\t<\/a>\n\t\t\t\t\t\t\t<a class=\"e-gallery-item elementor-gallery-item elementor-animated-content\" href=\"https:\/\/proevex.com\/wp-content\/uploads\/2025\/05\/WhatsApp-Image-2020-06-01-at-19.20.55-3.jpeg\" data-elementor-open-lightbox=\"yes\" data-elementor-lightbox-slideshow=\"e8bf97f\" data-elementor-lightbox-title=\"urbanismo o arquitectura\" data-elementor-lightbox-description=\"urbanismo o arquitectura\" data-e-action-hash=\"#elementor-action%3Aaction%3Dlightbox%26settings%3DeyJpZCI6MjIxOCwidXJsIjoiaHR0cHM6XC9cL3Byb2V2ZXguY29tXC93cC1jb250ZW50XC91cGxvYWRzXC8yMDI1XC8wNVwvV2hhdHNBcHAtSW1hZ2UtMjAyMC0wNi0wMS1hdC0xOS4yMC41NS0zLmpwZWciLCJzbGlkZXNob3ciOiJlOGJmOTdmIn0%3D\">\n\t\t\t\t\t<div class=\"e-gallery-image elementor-gallery-item__image\" data-thumbnail=\"https:\/\/proevex.com\/wp-content\/uploads\/2025\/05\/WhatsApp-Image-2020-06-01-at-19.20.55-3.jpeg\" data-width=\"1080\" data-height=\"607\" aria-label=\"urbanismo o arquitectura\" role=\"img\" ><\/div>\n\t\t\t\t\t\t\t\t\t\t\t<div class=\"elementor-gallery-item__overlay\"><\/div>\n\t\t\t\t\t\t\t\t\t\t\t\t\t\t<\/a>\n\t\t\t\t\t\t\t<a class=\"e-gallery-item elementor-gallery-item elementor-animated-content\" href=\"https:\/\/proevex.com\/wp-content\/uploads\/2025\/05\/WhatsApp-Image-2020-06-03-at-10.34.57.jpeg\" data-elementor-open-lightbox=\"yes\" data-elementor-lightbox-slideshow=\"e8bf97f\" data-elementor-lightbox-title=\"urbanismo o arquitectura\" data-elementor-lightbox-description=\"urbanismo o arquitectura\" data-e-action-hash=\"#elementor-action%3Aaction%3Dlightbox%26settings%3DeyJpZCI6MjIxOSwidXJsIjoiaHR0cHM6XC9cL3Byb2V2ZXguY29tXC93cC1jb250ZW50XC91cGxvYWRzXC8yMDI1XC8wNVwvV2hhdHNBcHAtSW1hZ2UtMjAyMC0wNi0wMy1hdC0xMC4zNC41Ny5qcGVnIiwic2xpZGVzaG93IjoiZThiZjk3ZiJ9\">\n\t\t\t\t\t<div class=\"e-gallery-image elementor-gallery-item__image\" data-thumbnail=\"https:\/\/proevex.com\/wp-content\/uploads\/2025\/05\/WhatsApp-Image-2020-06-03-at-10.34.57.jpeg\" data-width=\"1080\" data-height=\"607\" aria-label=\"urbanismo o arquitectura\" role=\"img\" ><\/div>\n\t\t\t\t\t\t\t\t\t\t\t<div class=\"elementor-gallery-item__overlay\"><\/div>\n\t\t\t\t\t\t\t\t\t\t\t\t\t\t<\/a>\n\t\t\t\t\t<\/div>\n\t\t\t\t\t<\/div>\n\t\t\t\t<\/div>\n\t\t\t\t<\/div>\n\t\t\t\t<\/div>\n\t\t\t\t<\/div>\n\t\t\t\t<\/div>\n\t\t\t\t<\/div>","protected":false},"excerpt":{"rendered":"<p>Un innovador sistema de terrazas como resultadode una constante investigaci\u00f3n en b\u00fasqueda de la excelencia. *de todas las crisis surgen oportunidades TxokoEating\u00ae Es un nuevo sistema patentado por PROEVEX\u00ae\u00a0formado por\u00a0mamparas\u00a0de cristal cubiertas que permiten separar las mesas situadas en las terrazas de los establecimientos hosteleros, preservando as\u00ed el distanciamiento social que exige la situaci\u00f3n actual.\u00a0 [&hellip;]<\/p>\n","protected":false},"author":1,"featured_media":0,"parent":0,"menu_order":0,"comment_status":"closed","ping_status":"closed","template":"elementor_canvas","meta":{"footnotes":""},"class_list":["post-27","page","type-page","status-publish","hentry"],"yoast_head":"<!-- This site is optimized with the Yoast SEO plugin v27.6 - https:\/\/yoast.com\/product\/yoast-seo-wordpress\/ -->\n<title>TXOKOEATING@ - Proevex Promotora de Eventos en Exteriores<\/title>\n<meta name=\"robots\" content=\"index, follow, max-snippet:-1, max-image-preview:large, max-video-preview:-1\" \/>\n<link rel=\"canonical\" href=\"https:\/\/proevex.com\/eu\/txokoeating\/\" \/>\n<meta property=\"og:locale\" content=\"en_US\" \/>\n<meta property=\"og:type\" content=\"article\" \/>\n<meta property=\"og:title\" content=\"TXOKOEATING@ - Proevex Promotora de Eventos en Exteriores\" \/>\n<meta property=\"og:description\" content=\"Un innovador sistema de terrazas como resultadode una constante investigaci\u00f3n en b\u00fasqueda de la excelencia. *de todas las crisis surgen oportunidades TxokoEating\u00ae Es un nuevo sistema patentado por PROEVEX\u00ae\u00a0formado por\u00a0mamparas\u00a0de cristal cubiertas que permiten separar las mesas situadas en las terrazas de los establecimientos hosteleros, preservando as\u00ed el distanciamiento social que exige la situaci\u00f3n actual.\u00a0 [&hellip;]\" \/>\n<meta property=\"og:url\" content=\"https:\/\/proevex.com\/eu\/txokoeating\/\" \/>\n<meta property=\"og:site_name\" content=\"Proevex Promotora de Eventos en Exteriores\" \/>\n<meta property=\"article:modified_time\" content=\"2025-10-21T16:11:56+00:00\" \/>\n<meta property=\"og:image\" content=\"https:\/\/proevex.com\/wp-content\/uploads\/2025\/05\/image.png\" \/>\n\t<meta property=\"og:image:width\" content=\"150\" \/>\n\t<meta property=\"og:image:height\" content=\"57\" \/>\n\t<meta property=\"og:image:type\" content=\"image\/png\" \/>\n<meta name=\"twitter:card\" content=\"summary_large_image\" \/>\n<meta name=\"twitter:label1\" content=\"Est. reading time\" \/>\n\t<meta name=\"twitter:data1\" content=\"2 minutua\" \/>\n<script type=\"application\/ld+json\" class=\"yoast-schema-graph\">{\"@context\":\"https:\\\/\\\/schema.org\",\"@graph\":[{\"@type\":\"WebPage\",\"@id\":\"https:\\\/\\\/proevex.com\\\/txokoeating\\\/\",\"url\":\"https:\\\/\\\/proevex.com\\\/txokoeating\\\/\",\"name\":\"TXOKOEATING@ - Proevex Promotora de Eventos en Exteriores\",\"isPartOf\":{\"@id\":\"https:\\\/\\\/proevex.com\\\/#website\"},\"primaryImageOfPage\":{\"@id\":\"https:\\\/\\\/proevex.com\\\/txokoeating\\\/#primaryimage\"},\"image\":{\"@id\":\"https:\\\/\\\/proevex.com\\\/txokoeating\\\/#primaryimage\"},\"thumbnailUrl\":\"https:\\\/\\\/proevex.com\\\/wp-content\\\/uploads\\\/2025\\\/05\\\/image.png\",\"datePublished\":\"2025-04-29T11:16:16+00:00\",\"dateModified\":\"2025-10-21T16:11:56+00:00\",\"breadcrumb\":{\"@id\":\"https:\\\/\\\/proevex.com\\\/txokoeating\\\/#breadcrumb\"},\"inLanguage\":\"eu\",\"potentialAction\":[{\"@type\":\"ReadAction\",\"target\":[\"https:\\\/\\\/proevex.com\\\/txokoeating\\\/\"]}]},{\"@type\":\"ImageObject\",\"inLanguage\":\"eu\",\"@id\":\"https:\\\/\\\/proevex.com\\\/txokoeating\\\/#primaryimage\",\"url\":\"https:\\\/\\\/proevex.com\\\/wp-content\\\/uploads\\\/2025\\\/05\\\/image.png\",\"contentUrl\":\"https:\\\/\\\/proevex.com\\\/wp-content\\\/uploads\\\/2025\\\/05\\\/image.png\"},{\"@type\":\"BreadcrumbList\",\"@id\":\"https:\\\/\\\/proevex.com\\\/txokoeating\\\/#breadcrumb\",\"itemListElement\":[{\"@type\":\"ListItem\",\"position\":1,\"name\":\"Portada\",\"item\":\"https:\\\/\\\/proevex.com\\\/\"},{\"@type\":\"ListItem\",\"position\":2,\"name\":\"TXOKOEATING@\"}]},{\"@type\":\"WebSite\",\"@id\":\"https:\\\/\\\/proevex.com\\\/#website\",\"url\":\"https:\\\/\\\/proevex.com\\\/\",\"name\":\"Proevex Promotora de Eventos en Exteriores\",\"description\":\"\",\"publisher\":{\"@id\":\"https:\\\/\\\/proevex.com\\\/#organization\"},\"potentialAction\":[{\"@type\":\"SearchAction\",\"target\":{\"@type\":\"EntryPoint\",\"urlTemplate\":\"https:\\\/\\\/proevex.com\\\/?s={search_term_string}\"},\"query-input\":{\"@type\":\"PropertyValueSpecification\",\"valueRequired\":true,\"valueName\":\"search_term_string\"}}],\"inLanguage\":\"eu\"},{\"@type\":\"Organization\",\"@id\":\"https:\\\/\\\/proevex.com\\\/#organization\",\"name\":\"Proevex Promotora de Eventos en Exteriores\",\"url\":\"https:\\\/\\\/proevex.com\\\/\",\"logo\":{\"@type\":\"ImageObject\",\"inLanguage\":\"eu\",\"@id\":\"https:\\\/\\\/proevex.com\\\/#\\\/schema\\\/logo\\\/image\\\/\",\"url\":\"https:\\\/\\\/proevex.com\\\/wp-content\\\/uploads\\\/2025\\\/04\\\/cropped-PROEVEX_Logotipo.png\",\"contentUrl\":\"https:\\\/\\\/proevex.com\\\/wp-content\\\/uploads\\\/2025\\\/04\\\/cropped-PROEVEX_Logotipo.png\",\"width\":1297,\"height\":358,\"caption\":\"Proevex Promotora de Eventos en Exteriores\"},\"image\":{\"@id\":\"https:\\\/\\\/proevex.com\\\/#\\\/schema\\\/logo\\\/image\\\/\"}}]}<\/script>\n<!-- \/ Yoast SEO plugin. -->","yoast_head_json":{"title":"TXOKOEATING@ - Proevex Promotora de Eventos en Exteriores","robots":{"index":"index","follow":"follow","max-snippet":"max-snippet:-1","max-image-preview":"max-image-preview:large","max-video-preview":"max-video-preview:-1"},"canonical":"https:\/\/proevex.com\/eu\/txokoeating\/","og_locale":"en_US","og_type":"article","og_title":"TXOKOEATING@ - Proevex Promotora de Eventos en Exteriores","og_description":"Un innovador sistema de terrazas como resultadode una constante investigaci\u00f3n en b\u00fasqueda de la excelencia. *de todas las crisis surgen oportunidades TxokoEating\u00ae Es un nuevo sistema patentado por PROEVEX\u00ae\u00a0formado por\u00a0mamparas\u00a0de cristal cubiertas que permiten separar las mesas situadas en las terrazas de los establecimientos hosteleros, preservando as\u00ed el distanciamiento social que exige la situaci\u00f3n actual.\u00a0 [&hellip;]","og_url":"https:\/\/proevex.com\/eu\/txokoeating\/","og_site_name":"Proevex Promotora de Eventos en Exteriores","article_modified_time":"2025-10-21T16:11:56+00:00","og_image":[{"width":150,"height":57,"url":"https:\/\/proevex.com\/wp-content\/uploads\/2025\/05\/image.png","type":"image\/png"}],"twitter_card":"summary_large_image","twitter_misc":{"Est. reading time":"2 minutua"},"schema":{"@context":"https:\/\/schema.org","@graph":[{"@type":"WebPage","@id":"https:\/\/proevex.com\/txokoeating\/","url":"https:\/\/proevex.com\/txokoeating\/","name":"TXOKOEATING@ - Proevex Promotora de Eventos en Exteriores","isPartOf":{"@id":"https:\/\/proevex.com\/#website"},"primaryImageOfPage":{"@id":"https:\/\/proevex.com\/txokoeating\/#primaryimage"},"image":{"@id":"https:\/\/proevex.com\/txokoeating\/#primaryimage"},"thumbnailUrl":"https:\/\/proevex.com\/wp-content\/uploads\/2025\/05\/image.png","datePublished":"2025-04-29T11:16:16+00:00","dateModified":"2025-10-21T16:11:56+00:00","breadcrumb":{"@id":"https:\/\/proevex.com\/txokoeating\/#breadcrumb"},"inLanguage":"eu","potentialAction":[{"@type":"ReadAction","target":["https:\/\/proevex.com\/txokoeating\/"]}]},{"@type":"ImageObject","inLanguage":"eu","@id":"https:\/\/proevex.com\/txokoeating\/#primaryimage","url":"https:\/\/proevex.com\/wp-content\/uploads\/2025\/05\/image.png","contentUrl":"https:\/\/proevex.com\/wp-content\/uploads\/2025\/05\/image.png"},{"@type":"BreadcrumbList","@id":"https:\/\/proevex.com\/txokoeating\/#breadcrumb","itemListElement":[{"@type":"ListItem","position":1,"name":"Portada","item":"https:\/\/proevex.com\/"},{"@type":"ListItem","position":2,"name":"TXOKOEATING@"}]},{"@type":"WebSite","@id":"https:\/\/proevex.com\/#website","url":"https:\/\/proevex.com\/","name":"Proevex Promotora de Eventos en Exteriores","description":"","publisher":{"@id":"https:\/\/proevex.com\/#organization"},"potentialAction":[{"@type":"SearchAction","target":{"@type":"EntryPoint","urlTemplate":"https:\/\/proevex.com\/?s={search_term_string}"},"query-input":{"@type":"PropertyValueSpecification","valueRequired":true,"valueName":"search_term_string"}}],"inLanguage":"eu"},{"@type":"Organization","@id":"https:\/\/proevex.com\/#organization","name":"Proevex Promotora de Eventos en Exteriores","url":"https:\/\/proevex.com\/","logo":{"@type":"ImageObject","inLanguage":"eu","@id":"https:\/\/proevex.com\/#\/schema\/logo\/image\/","url":"https:\/\/proevex.com\/wp-content\/uploads\/2025\/04\/cropped-PROEVEX_Logotipo.png","contentUrl":"https:\/\/proevex.com\/wp-content\/uploads\/2025\/04\/cropped-PROEVEX_Logotipo.png","width":1297,"height":358,"caption":"Proevex Promotora de Eventos en Exteriores"},"image":{"@id":"https:\/\/proevex.com\/#\/schema\/logo\/image\/"}}]}},"_links":{"self":[{"href":"https:\/\/proevex.com\/eu\/wp-json\/wp\/v2\/pages\/27","targetHints":{"allow":["GET"]}}],"collection":[{"href":"https:\/\/proevex.com\/eu\/wp-json\/wp\/v2\/pages"}],"about":[{"href":"https:\/\/proevex.com\/eu\/wp-json\/wp\/v2\/types\/page"}],"author":[{"embeddable":true,"href":"https:\/\/proevex.com\/eu\/wp-json\/wp\/v2\/users\/1"}],"replies":[{"embeddable":true,"href":"https:\/\/proevex.com\/eu\/wp-json\/wp\/v2\/comments?post=27"}],"version-history":[{"count":181,"href":"https:\/\/proevex.com\/eu\/wp-json\/wp\/v2\/pages\/27\/revisions"}],"predecessor-version":[{"id":3717,"href":"https:\/\/proevex.com\/eu\/wp-json\/wp\/v2\/pages\/27\/revisions\/3717"}],"wp:attachment":[{"href":"https:\/\/proevex.com\/eu\/wp-json\/wp\/v2\/media?parent=27"}],"curies":[{"name":"wp","href":"https:\/\/api.w.org\/{rel}","templated":true}]}}