{"id":31,"date":"2025-04-29T11:16:55","date_gmt":"2025-04-29T11:16:55","guid":{"rendered":"https:\/\/proevex.rkinformatika.online\/?page_id=31"},"modified":"2025-10-21T15:34:56","modified_gmt":"2025-10-21T15:34:56","slug":"blog","status":"publish","type":"page","link":"https:\/\/proevex.com\/eu\/blog\/","title":{"rendered":"Bloga"},"content":{"rendered":"<div data-elementor-type=\"wp-page\" data-elementor-id=\"31\" class=\"elementor elementor-31\" data-elementor-post-type=\"page\">\n\t\t\t\t<div class=\"elementor-element elementor-element-8280f9c e-flex e-con-boxed e-con e-parent\" data-id=\"8280f9c\" data-element_type=\"container\" data-e-type=\"container\" data-settings=\"{&quot;background_background&quot;:&quot;classic&quot;}\">\n\t\t\t\t\t<div class=\"e-con-inner\">\n\t\t\t\t\t<\/div>\n\t\t\t\t<\/div>\n\t\t<div class=\"elementor-element elementor-element-5554ce6 e-flex e-con-boxed e-con e-parent\" data-id=\"5554ce6\" data-element_type=\"container\" data-e-type=\"container\">\n\t\t\t\t\t<div class=\"e-con-inner\">\n\t\t\t\t<div class=\"elementor-element elementor-element-a6cfff4 elementor-grid-3 elementor-grid-tablet-2 elementor-grid-mobile-1 elementor-posts--thumbnail-top elementor-widget elementor-widget-posts\" data-id=\"a6cfff4\" data-element_type=\"widget\" data-e-type=\"widget\" data-settings=\"{&quot;pagination_type&quot;:&quot;numbers_and_prev_next&quot;,&quot;classic_row_gap&quot;:{&quot;unit&quot;:&quot;px&quot;,&quot;size&quot;:30,&quot;sizes&quot;:[]},&quot;classic_columns&quot;:&quot;3&quot;,&quot;classic_columns_tablet&quot;:&quot;2&quot;,&quot;classic_columns_mobile&quot;:&quot;1&quot;,&quot;classic_row_gap_tablet&quot;:{&quot;unit&quot;:&quot;px&quot;,&quot;size&quot;:&quot;&quot;,&quot;sizes&quot;:[]},&quot;classic_row_gap_mobile&quot;:{&quot;unit&quot;:&quot;px&quot;,&quot;size&quot;:&quot;&quot;,&quot;sizes&quot;:[]}}\" data-widget_type=\"posts.classic\">\n\t\t\t\t<div class=\"elementor-widget-container\">\n\t\t\t\t\t\t\t<div class=\"elementor-posts-container elementor-posts elementor-posts--skin-classic elementor-grid\" role=\"list\">\n\t\t\t\t<article class=\"elementor-post elementor-grid-item post-2290 post type-post status-publish format-standard has-post-thumbnail hentry category-uncategorized\" role=\"listitem\">\n\t\t\t\t<a class=\"elementor-post__thumbnail__link\" href=\"https:\/\/proevex.com\/eu\/bilboko-kalealdia-llenara-de-arte-bilbao-la-proxima-semana\/\" tabindex=\"-1\" target=\"&quot;_blank&quot;\">\n\t\t\t<div class=\"elementor-post__thumbnail\"><img fetchpriority=\"high\" decoding=\"async\" width=\"1536\" height=\"922\" src=\"https:\/\/proevex.com\/wp-content\/uploads\/2025\/04\/proevex_casetas_de_madera_01-1536x922.jpg\" class=\"attachment-1536x1536 size-1536x1536 wp-image-134\" alt=\"proevex casetas de madera\" srcset=\"https:\/\/proevex.com\/wp-content\/uploads\/2025\/04\/proevex_casetas_de_madera_01-1536x922.jpg 1536w, https:\/\/proevex.com\/wp-content\/uploads\/2025\/04\/proevex_casetas_de_madera_01-300x180.jpg 300w, https:\/\/proevex.com\/wp-content\/uploads\/2025\/04\/proevex_casetas_de_madera_01-1024x614.jpg 1024w, https:\/\/proevex.com\/wp-content\/uploads\/2025\/04\/proevex_casetas_de_madera_01-768x461.jpg 768w, https:\/\/proevex.com\/wp-content\/uploads\/2025\/04\/proevex_casetas_de_madera_01-18x12.jpg 18w, https:\/\/proevex.com\/wp-content\/uploads\/2025\/04\/proevex_casetas_de_madera_01.jpg 2000w\" sizes=\"(max-width: 1536px) 100vw, 1536px\" \/><\/div>\n\t\t<\/a>\n\t\t\t\t<div class=\"elementor-post__text\">\n\t\t\t\t<p class=\"elementor-post__title\">\n\t\t\t<a href=\"https:\/\/proevex.com\/eu\/bilboko-kalealdia-llenara-de-arte-bilbao-la-proxima-semana\/\" target=\"&quot;_blank&quot;\">\n\t\t\t\tBILBOKO KALEALDIA LLENAR\u00c1 DE ARTE BILBAO LA PR\u00d3XIMA SEMANA\t\t\t<\/a>\n\t\t<\/p>\n\t\t\t\t<div class=\"elementor-post__meta-data\">\n\t\t\t\t\t<span class=\"elementor-post-date\">\n\t\t\t16 maiatza, 2025\t\t<\/span>\n\t\t\t\t<\/div>\n\t\t\t\t<div class=\"elementor-post__excerpt\">\n\t\t\t<p>El Festival Bilboko Kalealdia tendr\u00e1 lugar del 22 al 27 de septiembre y llenar\u00e1 la ciudad con espect\u00e1culos de calle.\u00a0Las propuestas incluyen teatro, circo, danza,<\/p>\n\t\t<\/div>\n\t\t\t\t\t<div class=\"elementor-post__read-more-wrapper\">\n\t\t\n\t\t<a class=\"elementor-post__read-more\" href=\"https:\/\/proevex.com\/eu\/bilboko-kalealdia-llenara-de-arte-bilbao-la-proxima-semana\/\" aria-label=\"Read more about BILBOKO KALEALDIA LLENAR\u00c1 DE ARTE BILBAO LA PR\u00d3XIMA SEMANA\" tabindex=\"-1\" target=\"_blank\">\n\t\t\tLeer m\u00e1s\t\t<\/a>\n\n\t\t\t\t\t<\/div>\n\t\t\t\t<\/div>\n\t\t\t\t<\/article>\n\t\t\t\t<article class=\"elementor-post elementor-grid-item post-2286 post type-post status-publish format-standard has-post-thumbnail hentry category-uncategorized\" role=\"listitem\">\n\t\t\t\t<a class=\"elementor-post__thumbnail__link\" href=\"https:\/\/proevex.com\/eu\/santiago-de-compostela-%c2%b7-comienza-el-mercado-de-navidad-concello-de-santiago\/\" tabindex=\"-1\" target=\"&quot;_blank&quot;\">\n\t\t\t<div class=\"elementor-post__thumbnail\"><img decoding=\"async\" width=\"1024\" height=\"554\" src=\"https:\/\/proevex.com\/wp-content\/uploads\/2025\/05\/concello_blog_proevex-1.png\" class=\"attachment-1536x1536 size-1536x1536 wp-image-2527\" alt=\"concello_blog_proevex\" srcset=\"https:\/\/proevex.com\/wp-content\/uploads\/2025\/05\/concello_blog_proevex-1.png 1024w, https:\/\/proevex.com\/wp-content\/uploads\/2025\/05\/concello_blog_proevex-1-300x162.png 300w, https:\/\/proevex.com\/wp-content\/uploads\/2025\/05\/concello_blog_proevex-1-768x416.png 768w, https:\/\/proevex.com\/wp-content\/uploads\/2025\/05\/concello_blog_proevex-1-18x10.png 18w\" sizes=\"(max-width: 1024px) 100vw, 1024px\" \/><\/div>\n\t\t<\/a>\n\t\t\t\t<div class=\"elementor-post__text\">\n\t\t\t\t<p class=\"elementor-post__title\">\n\t\t\t<a href=\"https:\/\/proevex.com\/eu\/santiago-de-compostela-%c2%b7-comienza-el-mercado-de-navidad-concello-de-santiago\/\" target=\"&quot;_blank&quot;\">\n\t\t\t\tSantiago de Compostela \u00b7 Comienza el Mercado de Navidad Concello de Santiago\t\t\t<\/a>\n\t\t<\/p>\n\t\t\t\t<div class=\"elementor-post__meta-data\">\n\t\t\t\t\t<span class=\"elementor-post-date\">\n\t\t\t16 maiatza, 2025\t\t<\/span>\n\t\t\t\t<\/div>\n\t\t\t\t<div class=\"elementor-post__excerpt\">\n\t\t\t<p>El Mercado de Navidad del Concello de Santiago abrir\u00e1 el pr\u00f3ximo viernes 4 de diciembre a las 17:00 horas y permanecer\u00e1 abierto hasta el 5<\/p>\n\t\t<\/div>\n\t\t\t\t\t<div class=\"elementor-post__read-more-wrapper\">\n\t\t\n\t\t<a class=\"elementor-post__read-more\" href=\"https:\/\/proevex.com\/eu\/santiago-de-compostela-%c2%b7-comienza-el-mercado-de-navidad-concello-de-santiago\/\" aria-label=\"Read more about Santiago de Compostela \u00b7 Comienza el Mercado de Navidad Concello de Santiago\" tabindex=\"-1\" target=\"_blank\">\n\t\t\tLeer m\u00e1s\t\t<\/a>\n\n\t\t\t\t\t<\/div>\n\t\t\t\t<\/div>\n\t\t\t\t<\/article>\n\t\t\t\t<article class=\"elementor-post elementor-grid-item post-2302 post type-post status-publish format-standard has-post-thumbnail hentry category-uncategorized\" role=\"listitem\">\n\t\t\t\t<a class=\"elementor-post__thumbnail__link\" href=\"https:\/\/proevex.com\/eu\/pamplona-%c2%b7-mercado-navidad\/\" tabindex=\"-1\" target=\"&quot;_blank&quot;\">\n\t\t\t<div class=\"elementor-post__thumbnail\"><img decoding=\"async\" width=\"1134\" height=\"614\" src=\"https:\/\/proevex.com\/wp-content\/uploads\/2025\/05\/proevex_imagen_23.png\" class=\"attachment-1536x1536 size-1536x1536 wp-image-1661\" alt=\"proevex_imagen\" srcset=\"https:\/\/proevex.com\/wp-content\/uploads\/2025\/05\/proevex_imagen_23.png 1134w, https:\/\/proevex.com\/wp-content\/uploads\/2025\/05\/proevex_imagen_23-300x162.png 300w, https:\/\/proevex.com\/wp-content\/uploads\/2025\/05\/proevex_imagen_23-1024x554.png 1024w, https:\/\/proevex.com\/wp-content\/uploads\/2025\/05\/proevex_imagen_23-768x416.png 768w, https:\/\/proevex.com\/wp-content\/uploads\/2025\/05\/proevex_imagen_23-18x10.png 18w\" sizes=\"(max-width: 1134px) 100vw, 1134px\" \/><\/div>\n\t\t<\/a>\n\t\t\t\t<div class=\"elementor-post__text\">\n\t\t\t\t<p class=\"elementor-post__title\">\n\t\t\t<a href=\"https:\/\/proevex.com\/eu\/pamplona-%c2%b7-mercado-navidad\/\" target=\"&quot;_blank&quot;\">\n\t\t\t\tPamplona \u00b7 MERCADO NAVIDAD\t\t\t<\/a>\n\t\t<\/p>\n\t\t\t\t<div class=\"elementor-post__meta-data\">\n\t\t\t\t\t<span class=\"elementor-post-date\">\n\t\t\t16 maiatza, 2025\t\t<\/span>\n\t\t\t\t<\/div>\n\t\t\t\t<div class=\"elementor-post__excerpt\">\n\t\t\t<p>Como cada a\u00f1o, el Ayuntamiento de Pamplona celebr\u00f3 su emblem\u00e1tica Feria de Navidad en la emblem\u00e1tica Plaza del Castillo situada en el centro de la<\/p>\n\t\t<\/div>\n\t\t\t\t\t<div class=\"elementor-post__read-more-wrapper\">\n\t\t\n\t\t<a class=\"elementor-post__read-more\" href=\"https:\/\/proevex.com\/eu\/pamplona-%c2%b7-mercado-navidad\/\" aria-label=\"Read more about Pamplona \u00b7 MERCADO NAVIDAD\" tabindex=\"-1\" target=\"_blank\">\n\t\t\tLeer m\u00e1s\t\t<\/a>\n\n\t\t\t\t\t<\/div>\n\t\t\t\t<\/div>\n\t\t\t\t<\/article>\n\t\t\t\t<article class=\"elementor-post elementor-grid-item post-2298 post type-post status-publish format-standard has-post-thumbnail hentry category-uncategorized\" role=\"listitem\">\n\t\t\t\t<a class=\"elementor-post__thumbnail__link\" href=\"https:\/\/proevex.com\/eu\/2a-feria-de-productos-navarros-reyno-gourmet-en-bilbao\/\" tabindex=\"-1\" target=\"&quot;_blank&quot;\">\n\t\t\t<div class=\"elementor-post__thumbnail\"><img loading=\"lazy\" decoding=\"async\" width=\"1024\" height=\"554\" src=\"https:\/\/proevex.com\/wp-content\/uploads\/2025\/05\/proevex_actualidad_200618_bilbao_feria_productos_navarros-1024x554-1.jpg\" class=\"attachment-1536x1536 size-1536x1536 wp-image-2574\" alt=\"bilbao_feria_productos_navarros\" srcset=\"https:\/\/proevex.com\/wp-content\/uploads\/2025\/05\/proevex_actualidad_200618_bilbao_feria_productos_navarros-1024x554-1.jpg 1024w, https:\/\/proevex.com\/wp-content\/uploads\/2025\/05\/proevex_actualidad_200618_bilbao_feria_productos_navarros-1024x554-1-300x162.jpg 300w, https:\/\/proevex.com\/wp-content\/uploads\/2025\/05\/proevex_actualidad_200618_bilbao_feria_productos_navarros-1024x554-1-768x416.jpg 768w, https:\/\/proevex.com\/wp-content\/uploads\/2025\/05\/proevex_actualidad_200618_bilbao_feria_productos_navarros-1024x554-1-18x10.jpg 18w\" sizes=\"(max-width: 1024px) 100vw, 1024px\" \/><\/div>\n\t\t<\/a>\n\t\t\t\t<div class=\"elementor-post__text\">\n\t\t\t\t<p class=\"elementor-post__title\">\n\t\t\t<a href=\"https:\/\/proevex.com\/eu\/2a-feria-de-productos-navarros-reyno-gourmet-en-bilbao\/\" target=\"&quot;_blank&quot;\">\n\t\t\t\t2\u00aa Feria de Productos Navarros \u201cREYNO GOURMET\u201d en Bilbao\t\t\t<\/a>\n\t\t<\/p>\n\t\t\t\t<div class=\"elementor-post__meta-data\">\n\t\t\t\t\t<span class=\"elementor-post-date\">\n\t\t\t16 maiatza, 2025\t\t<\/span>\n\t\t\t\t<\/div>\n\t\t\t\t<div class=\"elementor-post__excerpt\">\n\t\t\t<p>Comenzamos en\u00a0PROEVEX\u00ae\u00a0desde ahora con los preparativos para la organizaci\u00f3n de la\u00a02\u00aa Edici\u00f3n de la Feria de Productos Navarros \u201cReyno Gourmet\u201d que se celebrar\u00e1, cuando las<\/p>\n\t\t<\/div>\n\t\t\t\t\t<div class=\"elementor-post__read-more-wrapper\">\n\t\t\n\t\t<a class=\"elementor-post__read-more\" href=\"https:\/\/proevex.com\/eu\/2a-feria-de-productos-navarros-reyno-gourmet-en-bilbao\/\" aria-label=\"Read more about 2\u00aa Feria de Productos Navarros \u201cREYNO GOURMET\u201d en Bilbao\" tabindex=\"-1\" target=\"_blank\">\n\t\t\tLeer m\u00e1s\t\t<\/a>\n\n\t\t\t\t\t<\/div>\n\t\t\t\t<\/div>\n\t\t\t\t<\/article>\n\t\t\t\t<article class=\"elementor-post elementor-grid-item post-2300 post type-post status-publish format-standard has-post-thumbnail hentry category-uncategorized\" role=\"listitem\">\n\t\t\t\t<a class=\"elementor-post__thumbnail__link\" href=\"https:\/\/proevex.com\/eu\/bilbao-%c2%b7-eroski-50-anos-con-innevento\/\" tabindex=\"-1\" target=\"&quot;_blank&quot;\">\n\t\t\t<div class=\"elementor-post__thumbnail\"><img loading=\"lazy\" decoding=\"async\" width=\"1024\" height=\"554\" src=\"https:\/\/proevex.com\/wp-content\/uploads\/2025\/05\/proevex_actualidad_200608_bilbao_eroski_50_anos-1024x554-1.jpg\" class=\"attachment-1536x1536 size-1536x1536 wp-image-2611\" alt=\"bilbao_eroski_50_anos\" srcset=\"https:\/\/proevex.com\/wp-content\/uploads\/2025\/05\/proevex_actualidad_200608_bilbao_eroski_50_anos-1024x554-1.jpg 1024w, https:\/\/proevex.com\/wp-content\/uploads\/2025\/05\/proevex_actualidad_200608_bilbao_eroski_50_anos-1024x554-1-300x162.jpg 300w, https:\/\/proevex.com\/wp-content\/uploads\/2025\/05\/proevex_actualidad_200608_bilbao_eroski_50_anos-1024x554-1-768x416.jpg 768w, https:\/\/proevex.com\/wp-content\/uploads\/2025\/05\/proevex_actualidad_200608_bilbao_eroski_50_anos-1024x554-1-18x10.jpg 18w\" sizes=\"(max-width: 1024px) 100vw, 1024px\" \/><\/div>\n\t\t<\/a>\n\t\t\t\t<div class=\"elementor-post__text\">\n\t\t\t\t<p class=\"elementor-post__title\">\n\t\t\t<a href=\"https:\/\/proevex.com\/eu\/bilbao-%c2%b7-eroski-50-anos-con-innevento\/\" target=\"&quot;_blank&quot;\">\n\t\t\t\tBilbao \u00b7 EROSKI 50 A\u00d1OS (con Innevento)\t\t\t<\/a>\n\t\t<\/p>\n\t\t\t\t<div class=\"elementor-post__meta-data\">\n\t\t\t\t\t<span class=\"elementor-post-date\">\n\t\t\t16 maiatza, 2025\t\t<\/span>\n\t\t\t\t<\/div>\n\t\t\t\t<div class=\"elementor-post__excerpt\">\n\t\t\t<p>En estas fechas, el a\u00f1o pasado desde\u00a0PROEVEX\u00ae\u00a0trabaj\u00e1bamos para\u00a0Innevento\u00a0en el montaje de 13 casetas de madera personalizadas para el desarrollo de un evento con motivo de<\/p>\n\t\t<\/div>\n\t\t\t\t\t<div class=\"elementor-post__read-more-wrapper\">\n\t\t\n\t\t<a class=\"elementor-post__read-more\" href=\"https:\/\/proevex.com\/eu\/bilbao-%c2%b7-eroski-50-anos-con-innevento\/\" aria-label=\"Read more about Bilbao \u00b7 EROSKI 50 A\u00d1OS (con Innevento)\" tabindex=\"-1\" target=\"_blank\">\n\t\t\tLeer m\u00e1s\t\t<\/a>\n\n\t\t\t\t\t<\/div>\n\t\t\t\t<\/div>\n\t\t\t\t<\/article>\n\t\t\t\t<article class=\"elementor-post elementor-grid-item post-2304 post type-post status-publish format-standard has-post-thumbnail hentry category-uncategorized\" role=\"listitem\">\n\t\t\t\t<a class=\"elementor-post__thumbnail__link\" href=\"https:\/\/proevex.com\/eu\/bilbao-%c2%b7-red-bull-cliff-diving\/\" tabindex=\"-1\" target=\"&quot;_blank&quot;\">\n\t\t\t<div class=\"elementor-post__thumbnail\"><img loading=\"lazy\" decoding=\"async\" width=\"1024\" height=\"554\" src=\"https:\/\/proevex.com\/wp-content\/uploads\/2025\/05\/proevex_actualidad_190913_bilbao_redbull_cliff_diving-1024x554-1.jpg\" class=\"attachment-1536x1536 size-1536x1536 wp-image-2637\" alt=\"bilbao_redbull_cliff_diving\" srcset=\"https:\/\/proevex.com\/wp-content\/uploads\/2025\/05\/proevex_actualidad_190913_bilbao_redbull_cliff_diving-1024x554-1.jpg 1024w, https:\/\/proevex.com\/wp-content\/uploads\/2025\/05\/proevex_actualidad_190913_bilbao_redbull_cliff_diving-1024x554-1-300x162.jpg 300w, https:\/\/proevex.com\/wp-content\/uploads\/2025\/05\/proevex_actualidad_190913_bilbao_redbull_cliff_diving-1024x554-1-768x416.jpg 768w, https:\/\/proevex.com\/wp-content\/uploads\/2025\/05\/proevex_actualidad_190913_bilbao_redbull_cliff_diving-1024x554-1-18x10.jpg 18w\" sizes=\"(max-width: 1024px) 100vw, 1024px\" \/><\/div>\n\t\t<\/a>\n\t\t\t\t<div class=\"elementor-post__text\">\n\t\t\t\t<p class=\"elementor-post__title\">\n\t\t\t<a href=\"https:\/\/proevex.com\/eu\/bilbao-%c2%b7-red-bull-cliff-diving\/\" target=\"&quot;_blank&quot;\">\n\t\t\t\tBilbao \u00b7 Red Bull CLIFF DIVING\t\t\t<\/a>\n\t\t<\/p>\n\t\t\t\t<div class=\"elementor-post__meta-data\">\n\t\t\t\t\t<span class=\"elementor-post-date\">\n\t\t\t16 maiatza, 2025\t\t<\/span>\n\t\t\t\t<\/div>\n\t\t\t\t<div class=\"elementor-post__excerpt\">\n\t\t\t<p>El pasado mes de septiembre se celebr\u00f3 en Bilbao, como viene siendo habitual desde hace unos a\u00f1os, el Red Bull Cliff Diving. Los saltos a<\/p>\n\t\t<\/div>\n\t\t\t\t\t<div class=\"elementor-post__read-more-wrapper\">\n\t\t\n\t\t<a class=\"elementor-post__read-more\" href=\"https:\/\/proevex.com\/eu\/bilbao-%c2%b7-red-bull-cliff-diving\/\" aria-label=\"Read more about Bilbao \u00b7 Red Bull CLIFF DIVING\" tabindex=\"-1\" target=\"_blank\">\n\t\t\tLeer m\u00e1s\t\t<\/a>\n\n\t\t\t\t\t<\/div>\n\t\t\t\t<\/div>\n\t\t\t\t<\/article>\n\t\t\t\t<\/div>\n\t\t\n\t\t\t\t<div class=\"e-load-more-anchor\" data-page=\"1\" data-max-page=\"3\" data-next-page=\"https:\/\/proevex.com\/eu\/wp-json\/wp\/v2\/pages\/31\/page\/2\/\"><\/div>\n\t\t\t\t<nav class=\"elementor-pagination\" aria-label=\"Pagination\">\n\t\t\t<span class=\"page-numbers prev\">&laquo; Anterior<\/span>\n<span aria-current=\"page\" class=\"page-numbers current\"><span class=\"elementor-screen-only\">Page<\/span>1<\/span>\n<a class=\"page-numbers\" href=\"https:\/\/proevex.com\/eu\/wp-json\/wp\/v2\/pages\/31\/page\/2\/\"><span class=\"elementor-screen-only\">Page<\/span>2<\/a>\n<a class=\"page-numbers\" href=\"https:\/\/proevex.com\/eu\/wp-json\/wp\/v2\/pages\/31\/page\/3\/\"><span class=\"elementor-screen-only\">Page<\/span>3<\/a>\n<a class=\"page-numbers next\" href=\"https:\/\/proevex.com\/eu\/wp-json\/wp\/v2\/pages\/31\/page\/2\/\">Siguiente &raquo;<\/a>\t\t<\/nav>\n\t\t\t\t\t\t<\/div>\n\t\t\t\t<\/div>\n\t\t\t\t\t<\/div>\n\t\t\t\t<\/div>\n\t\t\t\t<\/div>","protected":false},"excerpt":{"rendered":"","protected":false},"author":1,"featured_media":0,"parent":0,"menu_order":0,"comment_status":"closed","ping_status":"closed","template":"elementor_canvas","meta":{"footnotes":""},"class_list":["post-31","page","type-page","status-publish","hentry"],"yoast_head":"<!-- This site is optimized with the Yoast SEO plugin v27.6 - https:\/\/yoast.com\/product\/yoast-seo-wordpress\/ -->\n<title>Blog - Proevex Promotora de Eventos en Exteriores<\/title>\n<meta name=\"robots\" content=\"index, follow, max-snippet:-1, max-image-preview:large, max-video-preview:-1\" \/>\n<link rel=\"canonical\" href=\"https:\/\/proevex.com\/eu\/blog\/\" \/>\n<meta property=\"og:locale\" content=\"en_US\" \/>\n<meta property=\"og:type\" content=\"article\" \/>\n<meta property=\"og:title\" content=\"Blog - Proevex Promotora de Eventos en Exteriores\" \/>\n<meta property=\"og:url\" content=\"https:\/\/proevex.com\/eu\/blog\/\" \/>\n<meta property=\"og:site_name\" content=\"Proevex Promotora de Eventos en Exteriores\" \/>\n<meta property=\"article:modified_time\" content=\"2025-10-21T15:34:56+00:00\" \/>\n<meta name=\"twitter:card\" content=\"summary_large_image\" \/>\n<meta name=\"twitter:label1\" content=\"Est. reading time\" \/>\n\t<meta name=\"twitter:data1\" content=\"5 minutua\" \/>\n<script type=\"application\/ld+json\" class=\"yoast-schema-graph\">{\"@context\":\"https:\\\/\\\/schema.org\",\"@graph\":[{\"@type\":\"WebPage\",\"@id\":\"https:\\\/\\\/proevex.com\\\/blog\\\/\",\"url\":\"https:\\\/\\\/proevex.com\\\/blog\\\/\",\"name\":\"Blog - Proevex Promotora de Eventos en Exteriores\",\"isPartOf\":{\"@id\":\"https:\\\/\\\/proevex.com\\\/#website\"},\"datePublished\":\"2025-04-29T11:16:55+00:00\",\"dateModified\":\"2025-10-21T15:34:56+00:00\",\"breadcrumb\":{\"@id\":\"https:\\\/\\\/proevex.com\\\/blog\\\/#breadcrumb\"},\"inLanguage\":\"eu\",\"potentialAction\":[{\"@type\":\"ReadAction\",\"target\":[\"https:\\\/\\\/proevex.com\\\/blog\\\/\"]}]},{\"@type\":\"BreadcrumbList\",\"@id\":\"https:\\\/\\\/proevex.com\\\/blog\\\/#breadcrumb\",\"itemListElement\":[{\"@type\":\"ListItem\",\"position\":1,\"name\":\"Portada\",\"item\":\"https:\\\/\\\/proevex.com\\\/\"},{\"@type\":\"ListItem\",\"position\":2,\"name\":\"Blog\"}]},{\"@type\":\"WebSite\",\"@id\":\"https:\\\/\\\/proevex.com\\\/#website\",\"url\":\"https:\\\/\\\/proevex.com\\\/\",\"name\":\"Proevex Promotora de Eventos en Exteriores\",\"description\":\"\",\"publisher\":{\"@id\":\"https:\\\/\\\/proevex.com\\\/#organization\"},\"potentialAction\":[{\"@type\":\"SearchAction\",\"target\":{\"@type\":\"EntryPoint\",\"urlTemplate\":\"https:\\\/\\\/proevex.com\\\/?s={search_term_string}\"},\"query-input\":{\"@type\":\"PropertyValueSpecification\",\"valueRequired\":true,\"valueName\":\"search_term_string\"}}],\"inLanguage\":\"eu\"},{\"@type\":\"Organization\",\"@id\":\"https:\\\/\\\/proevex.com\\\/#organization\",\"name\":\"Proevex Promotora de Eventos en Exteriores\",\"url\":\"https:\\\/\\\/proevex.com\\\/\",\"logo\":{\"@type\":\"ImageObject\",\"inLanguage\":\"eu\",\"@id\":\"https:\\\/\\\/proevex.com\\\/#\\\/schema\\\/logo\\\/image\\\/\",\"url\":\"https:\\\/\\\/proevex.com\\\/wp-content\\\/uploads\\\/2025\\\/04\\\/cropped-PROEVEX_Logotipo.png\",\"contentUrl\":\"https:\\\/\\\/proevex.com\\\/wp-content\\\/uploads\\\/2025\\\/04\\\/cropped-PROEVEX_Logotipo.png\",\"width\":1297,\"height\":358,\"caption\":\"Proevex Promotora de Eventos en Exteriores\"},\"image\":{\"@id\":\"https:\\\/\\\/proevex.com\\\/#\\\/schema\\\/logo\\\/image\\\/\"}}]}<\/script>\n<!-- \/ Yoast SEO plugin. -->","yoast_head_json":{"title":"Blog - Proevex Promotora de Eventos en Exteriores","robots":{"index":"index","follow":"follow","max-snippet":"max-snippet:-1","max-image-preview":"max-image-preview:large","max-video-preview":"max-video-preview:-1"},"canonical":"https:\/\/proevex.com\/eu\/blog\/","og_locale":"en_US","og_type":"article","og_title":"Blog - Proevex Promotora de Eventos en Exteriores","og_url":"https:\/\/proevex.com\/eu\/blog\/","og_site_name":"Proevex Promotora de Eventos en Exteriores","article_modified_time":"2025-10-21T15:34:56+00:00","twitter_card":"summary_large_image","twitter_misc":{"Est. reading time":"5 minutua"},"schema":{"@context":"https:\/\/schema.org","@graph":[{"@type":"WebPage","@id":"https:\/\/proevex.com\/blog\/","url":"https:\/\/proevex.com\/blog\/","name":"Blog - Proevex Promotora de Eventos en Exteriores","isPartOf":{"@id":"https:\/\/proevex.com\/#website"},"datePublished":"2025-04-29T11:16:55+00:00","dateModified":"2025-10-21T15:34:56+00:00","breadcrumb":{"@id":"https:\/\/proevex.com\/blog\/#breadcrumb"},"inLanguage":"eu","potentialAction":[{"@type":"ReadAction","target":["https:\/\/proevex.com\/blog\/"]}]},{"@type":"BreadcrumbList","@id":"https:\/\/proevex.com\/blog\/#breadcrumb","itemListElement":[{"@type":"ListItem","position":1,"name":"Portada","item":"https:\/\/proevex.com\/"},{"@type":"ListItem","position":2,"name":"Blog"}]},{"@type":"WebSite","@id":"https:\/\/proevex.com\/#website","url":"https:\/\/proevex.com\/","name":"Proevex Promotora de Eventos en Exteriores","description":"","publisher":{"@id":"https:\/\/proevex.com\/#organization"},"potentialAction":[{"@type":"SearchAction","target":{"@type":"EntryPoint","urlTemplate":"https:\/\/proevex.com\/?s={search_term_string}"},"query-input":{"@type":"PropertyValueSpecification","valueRequired":true,"valueName":"search_term_string"}}],"inLanguage":"eu"},{"@type":"Organization","@id":"https:\/\/proevex.com\/#organization","name":"Proevex Promotora de Eventos en Exteriores","url":"https:\/\/proevex.com\/","logo":{"@type":"ImageObject","inLanguage":"eu","@id":"https:\/\/proevex.com\/#\/schema\/logo\/image\/","url":"https:\/\/proevex.com\/wp-content\/uploads\/2025\/04\/cropped-PROEVEX_Logotipo.png","contentUrl":"https:\/\/proevex.com\/wp-content\/uploads\/2025\/04\/cropped-PROEVEX_Logotipo.png","width":1297,"height":358,"caption":"Proevex Promotora de Eventos en Exteriores"},"image":{"@id":"https:\/\/proevex.com\/#\/schema\/logo\/image\/"}}]}},"_links":{"self":[{"href":"https:\/\/proevex.com\/eu\/wp-json\/wp\/v2\/pages\/31","targetHints":{"allow":["GET"]}}],"collection":[{"href":"https:\/\/proevex.com\/eu\/wp-json\/wp\/v2\/pages"}],"about":[{"href":"https:\/\/proevex.com\/eu\/wp-json\/wp\/v2\/types\/page"}],"author":[{"embeddable":true,"href":"https:\/\/proevex.com\/eu\/wp-json\/wp\/v2\/users\/1"}],"replies":[{"embeddable":true,"href":"https:\/\/proevex.com\/eu\/wp-json\/wp\/v2\/comments?post=31"}],"version-history":[{"count":115,"href":"https:\/\/proevex.com\/eu\/wp-json\/wp\/v2\/pages\/31\/revisions"}],"predecessor-version":[{"id":3663,"href":"https:\/\/proevex.com\/eu\/wp-json\/wp\/v2\/pages\/31\/revisions\/3663"}],"wp:attachment":[{"href":"https:\/\/proevex.com\/eu\/wp-json\/wp\/v2\/media?parent=31"}],"curies":[{"name":"wp","href":"https:\/\/api.w.org\/{rel}","templated":true}]}}