{"id":35,"date":"2025-04-29T11:18:35","date_gmt":"2025-04-29T11:18:35","guid":{"rendered":"https:\/\/proevex.rkinformatika.online\/?page_id=35"},"modified":"2025-10-21T16:13:50","modified_gmt":"2025-10-21T16:13:50","slug":"venta-outlet","status":"publish","type":"page","link":"https:\/\/proevex.com\/eu\/venta-outlet\/","title":{"rendered":"VENTA\/OUTLET"},"content":{"rendered":"<div data-elementor-type=\"wp-page\" data-elementor-id=\"35\" class=\"elementor elementor-35\" data-elementor-post-type=\"page\">\n\t\t\t\t<div class=\"elementor-element elementor-element-db8dca2 e-flex e-con-boxed e-con e-parent\" data-id=\"db8dca2\" data-element_type=\"container\" data-e-type=\"container\" data-settings=\"{&quot;background_background&quot;:&quot;classic&quot;}\">\n\t\t\t\t\t<div class=\"e-con-inner\">\n\t\t\t\t\t<\/div>\n\t\t\t\t<\/div>\n\t\t<div class=\"elementor-element elementor-element-21e8cdb e-flex e-con-boxed e-con e-parent\" data-id=\"21e8cdb\" data-element_type=\"container\" data-e-type=\"container\">\n\t\t\t\t\t<div class=\"e-con-inner\">\n\t\t<div class=\"elementor-element elementor-element-c133891 e-con-full e-flex e-con e-child\" data-id=\"c133891\" data-element_type=\"container\" data-e-type=\"container\">\n\t\t\t\t<div class=\"elementor-element elementor-element-25a6ff8 elementor-widget elementor-widget-heading\" data-id=\"25a6ff8\" data-element_type=\"widget\" data-e-type=\"widget\" data-widget_type=\"heading.default\">\n\t\t\t\t<div class=\"elementor-widget-container\">\n\t\t\t\t\t<h2 class=\"elementor-heading-title elementor-size-default\">Venta\/outlet<\/h2>\t\t\t\t<\/div>\n\t\t\t\t<\/div>\n\t\t\t\t<div class=\"elementor-element elementor-element-87bf60c elementor-align-start elementor-icon-list--layout-traditional elementor-list-item-link-full_width elementor-widget elementor-widget-icon-list\" data-id=\"87bf60c\" data-element_type=\"widget\" data-e-type=\"widget\" data-widget_type=\"icon-list.default\">\n\t\t\t\t<div class=\"elementor-widget-container\">\n\t\t\t\t\t\t\t<ul class=\"elementor-icon-list-items\">\n\t\t\t\t\t\t\t<li class=\"elementor-icon-list-item\">\n\t\t\t\t\t\t\t\t\t\t\t<span class=\"elementor-icon-list-icon\">\n\t\t\t\t\t\t\t<svg aria-hidden=\"true\" class=\"e-font-icon-svg e-far-circle\" viewbox=\"0 0 512 512\" xmlns=\"http:\/\/www.w3.org\/2000\/svg\"><path d=\"M256 8C119 8 8 119 8 256s111 248 248 248 248-111 248-248S393 8 256 8zm0 448c-110.5 0-200-89.5-200-200S145.5 56 256 56s200 89.5 200 200-89.5 200-200 200z\"><\/path><\/svg>\t\t\t\t\t\t<\/span>\n\t\t\t\t\t\t\t\t\t\t<span class=\"elementor-icon-list-text\">casetas y stands m\u00f3viles de madera para todo tipo de eventos exteriores<\/span>\n\t\t\t\t\t\t\t\t\t<\/li>\n\t\t\t\t\t\t\t\t<li class=\"elementor-icon-list-item\">\n\t\t\t\t\t\t\t\t\t\t\t<span class=\"elementor-icon-list-icon\">\n\t\t\t\t\t\t\t<svg aria-hidden=\"true\" class=\"e-font-icon-svg e-far-circle\" viewbox=\"0 0 512 512\" xmlns=\"http:\/\/www.w3.org\/2000\/svg\"><path d=\"M256 8C119 8 8 119 8 256s111 248 248 248 248-111 248-248S393 8 256 8zm0 448c-110.5 0-200-89.5-200-200S145.5 56 256 56s200 89.5 200 200-89.5 200-200 200z\"><\/path><\/svg>\t\t\t\t\t\t<\/span>\n\t\t\t\t\t\t\t\t\t\t<span class=\"elementor-icon-list-text\">\u00fanicas en el mercado por sus caracter\u00edsticas t\u00e9cnicas<\/span>\n\t\t\t\t\t\t\t\t\t<\/li>\n\t\t\t\t\t\t\t\t<li class=\"elementor-icon-list-item\">\n\t\t\t\t\t\t\t\t\t\t\t<span class=\"elementor-icon-list-icon\">\n\t\t\t\t\t\t\t<svg aria-hidden=\"true\" class=\"e-font-icon-svg e-far-circle\" viewbox=\"0 0 512 512\" xmlns=\"http:\/\/www.w3.org\/2000\/svg\"><path d=\"M256 8C119 8 8 119 8 256s111 248 248 248 248-111 248-248S393 8 256 8zm0 448c-110.5 0-200-89.5-200-200S145.5 56 256 56s200 89.5 200 200-89.5 200-200 200z\"><\/path><\/svg>\t\t\t\t\t\t<\/span>\n\t\t\t\t\t\t\t\t\t\t<span class=\"elementor-icon-list-text\">seguras, robustas, antivuelco, certificadas, resistentes al viento<\/span>\n\t\t\t\t\t\t\t\t\t<\/li>\n\t\t\t\t\t\t\t\t<li class=\"elementor-icon-list-item\">\n\t\t\t\t\t\t\t\t\t\t\t<span class=\"elementor-icon-list-icon\">\n\t\t\t\t\t\t\t<svg aria-hidden=\"true\" class=\"e-font-icon-svg e-far-circle\" viewbox=\"0 0 512 512\" xmlns=\"http:\/\/www.w3.org\/2000\/svg\"><path d=\"M256 8C119 8 8 119 8 256s111 248 248 248 248-111 248-248S393 8 256 8zm0 448c-110.5 0-200-89.5-200-200S145.5 56 256 56s200 89.5 200 200-89.5 200-200 200z\"><\/path><\/svg>\t\t\t\t\t\t<\/span>\n\t\t\t\t\t\t\t\t\t\t<span class=\"elementor-icon-list-text\">equipadas, instalaci\u00f3n el\u00e9ctrica, mostrador, baldas<\/span>\n\t\t\t\t\t\t\t\t\t<\/li>\n\t\t\t\t\t\t\t\t<li class=\"elementor-icon-list-item\">\n\t\t\t\t\t\t\t\t\t\t\t<span class=\"elementor-icon-list-icon\">\n\t\t\t\t\t\t\t<svg aria-hidden=\"true\" class=\"e-font-icon-svg e-far-circle\" viewbox=\"0 0 512 512\" xmlns=\"http:\/\/www.w3.org\/2000\/svg\"><path d=\"M256 8C119 8 8 119 8 256s111 248 248 248 248-111 248-248S393 8 256 8zm0 448c-110.5 0-200-89.5-200-200S145.5 56 256 56s200 89.5 200 200-89.5 200-200 200z\"><\/path><\/svg>\t\t\t\t\t\t<\/span>\n\t\t\t\t\t\t\t\t\t\t<span class=\"elementor-icon-list-text\">personalizables con tu marca corporativa y logotipo<\/span>\n\t\t\t\t\t\t\t\t\t<\/li>\n\t\t\t\t\t\t<\/ul>\n\t\t\t\t\t\t<\/div>\n\t\t\t\t<\/div>\n\t\t\t\t<div class=\"elementor-element elementor-element-1e83157 elementor-align-left e-transform elementor-widget elementor-widget-button\" data-id=\"1e83157\" data-element_type=\"widget\" data-e-type=\"widget\" data-settings=\"{&quot;_transform_translateX_effect_hover&quot;:{&quot;unit&quot;:&quot;px&quot;,&quot;size&quot;:5,&quot;sizes&quot;:[]},&quot;_transform_translateY_effect_hover&quot;:{&quot;unit&quot;:&quot;px&quot;,&quot;size&quot;:5,&quot;sizes&quot;:[]},&quot;_transform_translateX_effect_hover_tablet&quot;:{&quot;unit&quot;:&quot;px&quot;,&quot;size&quot;:&quot;&quot;,&quot;sizes&quot;:[]},&quot;_transform_translateX_effect_hover_mobile&quot;:{&quot;unit&quot;:&quot;px&quot;,&quot;size&quot;:&quot;&quot;,&quot;sizes&quot;:[]},&quot;_transform_translateY_effect_hover_tablet&quot;:{&quot;unit&quot;:&quot;px&quot;,&quot;size&quot;:&quot;&quot;,&quot;sizes&quot;:[]},&quot;_transform_translateY_effect_hover_mobile&quot;:{&quot;unit&quot;:&quot;px&quot;,&quot;size&quot;:&quot;&quot;,&quot;sizes&quot;:[]}}\" data-widget_type=\"button.default\">\n\t\t\t\t<div class=\"elementor-widget-container\">\n\t\t\t\t\t\t\t\t\t<div class=\"elementor-button-wrapper\">\n\t\t\t\t\t<a class=\"elementor-button elementor-button-link elementor-size-sm\" href=\"https:\/\/proevex.com\/wp-content\/uploads\/2025\/05\/proevex_casetas_de_madera_caracteristicas.pdf\">\n\t\t\t\t\t\t<span class=\"elementor-button-content-wrapper\">\n\t\t\t\t\t\t<span class=\"elementor-button-icon\">\n\t\t\t\t<svg aria-hidden=\"true\" class=\"e-font-icon-svg e-fas-plus\" viewbox=\"0 0 448 512\" xmlns=\"http:\/\/www.w3.org\/2000\/svg\"><path d=\"M416 208H272V64c0-17.67-14.33-32-32-32h-32c-17.67 0-32 14.33-32 32v144H32c-17.67 0-32 14.33-32 32v32c0 17.67 14.33 32 32 32h144v144c0 17.67 14.33 32 32 32h32c17.67 0 32-14.33 32-32V304h144c17.67 0 32-14.33 32-32v-32c0-17.67-14.33-32-32-32z\"><\/path><\/svg>\t\t\t<\/span>\n\t\t\t\t\t\t\t\t\t<span class=\"elementor-button-text\">info caracter\u00edsticas<\/span>\n\t\t\t\t\t<\/span>\n\t\t\t\t\t<\/a>\n\t\t\t\t<\/div>\n\t\t\t\t\t\t\t\t<\/div>\n\t\t\t\t<\/div>\n\t\t\t\t<\/div>\n\t\t<div class=\"elementor-element elementor-element-0172ad3 e-con-full e-flex e-con e-child\" data-id=\"0172ad3\" data-element_type=\"container\" data-e-type=\"container\">\n\t\t\t\t<div class=\"elementor-element elementor-element-b6fb015 elementor-widget elementor-widget-image\" data-id=\"b6fb015\" data-element_type=\"widget\" data-e-type=\"widget\" data-widget_type=\"image.default\">\n\t\t\t\t<div class=\"elementor-widget-container\">\n\t\t\t\t\t\t\t\t\t\t\t\t\t\t\t\t<a href=\"https:\/\/proevex.com\/wp-content\/uploads\/2025\/04\/proevex_casetas_de_madera_01.jpg\" data-elementor-open-lightbox=\"yes\" data-elementor-lightbox-title=\"proevex_casetas_de_madera\" data-elementor-lightbox-description=\"proevex_casetas_de_madera\" data-e-action-hash=\"#elementor-action%3Aaction%3Dlightbox%26settings%3DeyJpZCI6MTM0LCJ1cmwiOiJodHRwczpcL1wvcHJvZXZleC5jb21cL3dwLWNvbnRlbnRcL3VwbG9hZHNcLzIwMjVcLzA0XC9wcm9ldmV4X2Nhc2V0YXNfZGVfbWFkZXJhXzAxLmpwZyJ9\">\n\t\t\t\t\t\t\t<img fetchpriority=\"high\" decoding=\"async\" width=\"800\" height=\"480\" src=\"https:\/\/proevex.com\/wp-content\/uploads\/2025\/04\/proevex_casetas_de_madera_01-1024x614.jpg\" class=\"attachment-large size-large wp-image-134\" alt=\"proevex casetas de madera\" srcset=\"https:\/\/proevex.com\/wp-content\/uploads\/2025\/04\/proevex_casetas_de_madera_01-1024x614.jpg 1024w, https:\/\/proevex.com\/wp-content\/uploads\/2025\/04\/proevex_casetas_de_madera_01-300x180.jpg 300w, https:\/\/proevex.com\/wp-content\/uploads\/2025\/04\/proevex_casetas_de_madera_01-768x461.jpg 768w, https:\/\/proevex.com\/wp-content\/uploads\/2025\/04\/proevex_casetas_de_madera_01-1536x922.jpg 1536w, https:\/\/proevex.com\/wp-content\/uploads\/2025\/04\/proevex_casetas_de_madera_01-18x12.jpg 18w, https:\/\/proevex.com\/wp-content\/uploads\/2025\/04\/proevex_casetas_de_madera_01.jpg 2000w\" sizes=\"(max-width: 800px) 100vw, 800px\" \/>\t\t\t\t\t\t\t\t<\/a>\n\t\t\t\t\t\t\t\t\t\t\t\t\t\t\t<\/div>\n\t\t\t\t<\/div>\n\t\t\t\t<\/div>\n\t\t<div class=\"elementor-element elementor-element-645b57a e-con-full elementor-hidden-tablet e-flex e-con e-child\" data-id=\"645b57a\" data-element_type=\"container\" data-e-type=\"container\">\n\t\t\t\t<div class=\"elementor-element elementor-element-860b6ca elementor-widget elementor-widget-image\" data-id=\"860b6ca\" data-element_type=\"widget\" data-e-type=\"widget\" data-widget_type=\"image.default\">\n\t\t\t\t<div class=\"elementor-widget-container\">\n\t\t\t\t\t\t\t\t\t\t\t\t\t\t\t<img decoding=\"async\" width=\"800\" height=\"480\" src=\"https:\/\/proevex.com\/wp-content\/uploads\/2025\/05\/proevex_casetas_de_madera_02.jpg\" class=\"attachment-large size-large wp-image-1240\" alt=\"proevex_casetas_de_madera_02\" srcset=\"https:\/\/proevex.com\/wp-content\/uploads\/2025\/05\/proevex_casetas_de_madera_02.jpg 850w, https:\/\/proevex.com\/wp-content\/uploads\/2025\/05\/proevex_casetas_de_madera_02-300x180.jpg 300w, https:\/\/proevex.com\/wp-content\/uploads\/2025\/05\/proevex_casetas_de_madera_02-768x461.jpg 768w, https:\/\/proevex.com\/wp-content\/uploads\/2025\/05\/proevex_casetas_de_madera_02-18x12.jpg 18w\" sizes=\"(max-width: 800px) 100vw, 800px\" \/>\t\t\t\t\t\t\t\t\t\t\t\t\t\t\t<\/div>\n\t\t\t\t<\/div>\n\t\t\t\t<\/div>\n\t\t<div class=\"elementor-element elementor-element-5d2b157 e-con-full e-flex e-con e-child\" data-id=\"5d2b157\" data-element_type=\"container\" data-e-type=\"container\">\n\t\t\t\t<div class=\"elementor-element elementor-element-8e872ea elementor-widget elementor-widget-image\" data-id=\"8e872ea\" data-element_type=\"widget\" data-e-type=\"widget\" data-widget_type=\"image.default\">\n\t\t\t\t<div class=\"elementor-widget-container\">\n\t\t\t\t\t\t\t\t\t\t\t\t\t\t\t\t<a href=\"https:\/\/proevex.com\/wp-content\/uploads\/2025\/05\/proevex_casetas_de_madera_03.jpg\" data-elementor-open-lightbox=\"yes\" data-elementor-lightbox-title=\"proevex_casetas_de_madera_03\" data-elementor-lightbox-description=\"proevex_casetas_de_madera_03\" data-e-action-hash=\"#elementor-action%3Aaction%3Dlightbox%26settings%3DeyJpZCI6MTIzOSwidXJsIjoiaHR0cHM6XC9cL3Byb2V2ZXguY29tXC93cC1jb250ZW50XC91cGxvYWRzXC8yMDI1XC8wNVwvcHJvZXZleF9jYXNldGFzX2RlX21hZGVyYV8wMy5qcGcifQ%3D%3D\">\n\t\t\t\t\t\t\t<img decoding=\"async\" width=\"800\" height=\"480\" src=\"https:\/\/proevex.com\/wp-content\/uploads\/2025\/05\/proevex_casetas_de_madera_03-1024x614.jpg\" class=\"attachment-large size-large wp-image-1239\" alt=\"proevex_casetas_de_madera_03\" srcset=\"https:\/\/proevex.com\/wp-content\/uploads\/2025\/05\/proevex_casetas_de_madera_03-1024x614.jpg 1024w, https:\/\/proevex.com\/wp-content\/uploads\/2025\/05\/proevex_casetas_de_madera_03-300x180.jpg 300w, https:\/\/proevex.com\/wp-content\/uploads\/2025\/05\/proevex_casetas_de_madera_03-768x461.jpg 768w, https:\/\/proevex.com\/wp-content\/uploads\/2025\/05\/proevex_casetas_de_madera_03-1536x922.jpg 1536w, https:\/\/proevex.com\/wp-content\/uploads\/2025\/05\/proevex_casetas_de_madera_03-18x12.jpg 18w, https:\/\/proevex.com\/wp-content\/uploads\/2025\/05\/proevex_casetas_de_madera_03.jpg 2000w\" sizes=\"(max-width: 800px) 100vw, 800px\" \/>\t\t\t\t\t\t\t\t<\/a>\n\t\t\t\t\t\t\t\t\t\t\t\t\t\t\t<\/div>\n\t\t\t\t<\/div>\n\t\t\t\t<\/div>\n\t\t\t\t\t<\/div>\n\t\t\t\t<\/div>\n\t\t\t\t<\/div>","protected":false},"excerpt":{"rendered":"<p>Venta\/outlet casetas y stands m\u00f3viles de madera para todo tipo de eventos exteriores \u00fanicas en el mercado por sus caracter\u00edsticas t\u00e9cnicas seguras, robustas, antivuelco, certificadas, resistentes al viento equipadas, instalaci\u00f3n el\u00e9ctrica, mostrador, baldas personalizables con tu marca corporativa y logotipo info caracter\u00edsticas<\/p>","protected":false},"author":1,"featured_media":0,"parent":0,"menu_order":0,"comment_status":"closed","ping_status":"closed","template":"elementor_canvas","meta":{"footnotes":""},"class_list":["post-35","page","type-page","status-publish","hentry"],"yoast_head":"<!-- This site is optimized with the Yoast SEO plugin v27.6 - https:\/\/yoast.com\/product\/yoast-seo-wordpress\/ -->\n<title>VENTA\/OUTLET - Proevex Promotora de Eventos en Exteriores<\/title>\n<meta name=\"robots\" content=\"index, follow, max-snippet:-1, max-image-preview:large, max-video-preview:-1\" \/>\n<link rel=\"canonical\" href=\"https:\/\/proevex.com\/eu\/venta-outlet\/\" \/>\n<meta property=\"og:locale\" content=\"en_US\" \/>\n<meta property=\"og:type\" content=\"article\" \/>\n<meta property=\"og:title\" content=\"VENTA\/OUTLET - Proevex Promotora de Eventos en Exteriores\" \/>\n<meta property=\"og:description\" content=\"Venta\/outlet casetas y stands m\u00f3viles de madera para todo tipo de eventos exteriores \u00fanicas en el mercado por sus caracter\u00edsticas t\u00e9cnicas seguras, robustas, antivuelco, certificadas, resistentes al viento equipadas, instalaci\u00f3n el\u00e9ctrica, mostrador, baldas personalizables con tu marca corporativa y logotipo info caracter\u00edsticas\" \/>\n<meta property=\"og:url\" content=\"https:\/\/proevex.com\/eu\/venta-outlet\/\" \/>\n<meta property=\"og:site_name\" content=\"Proevex Promotora de Eventos en Exteriores\" \/>\n<meta property=\"article:modified_time\" content=\"2025-10-21T16:13:50+00:00\" \/>\n<meta property=\"og:image\" content=\"https:\/\/proevex.com\/wp-content\/uploads\/2025\/04\/proevex_casetas_de_madera_01.jpg\" \/>\n\t<meta property=\"og:image:width\" content=\"2000\" \/>\n\t<meta property=\"og:image:height\" content=\"1200\" \/>\n\t<meta property=\"og:image:type\" content=\"image\/jpeg\" \/>\n<meta name=\"twitter:card\" content=\"summary_large_image\" \/>\n<meta name=\"twitter:label1\" content=\"Est. reading time\" \/>\n\t<meta name=\"twitter:data1\" content=\"1 minutua\" \/>\n<script type=\"application\/ld+json\" class=\"yoast-schema-graph\">{\"@context\":\"https:\\\/\\\/schema.org\",\"@graph\":[{\"@type\":\"WebPage\",\"@id\":\"https:\\\/\\\/proevex.com\\\/venta-outlet\\\/\",\"url\":\"https:\\\/\\\/proevex.com\\\/venta-outlet\\\/\",\"name\":\"VENTA\\\/OUTLET - Proevex Promotora de Eventos en Exteriores\",\"isPartOf\":{\"@id\":\"https:\\\/\\\/proevex.com\\\/#website\"},\"primaryImageOfPage\":{\"@id\":\"https:\\\/\\\/proevex.com\\\/venta-outlet\\\/#primaryimage\"},\"image\":{\"@id\":\"https:\\\/\\\/proevex.com\\\/venta-outlet\\\/#primaryimage\"},\"thumbnailUrl\":\"https:\\\/\\\/proevex.com\\\/wp-content\\\/uploads\\\/2025\\\/04\\\/proevex_casetas_de_madera_01-1024x614.jpg\",\"datePublished\":\"2025-04-29T11:18:35+00:00\",\"dateModified\":\"2025-10-21T16:13:50+00:00\",\"breadcrumb\":{\"@id\":\"https:\\\/\\\/proevex.com\\\/venta-outlet\\\/#breadcrumb\"},\"inLanguage\":\"eu\",\"potentialAction\":[{\"@type\":\"ReadAction\",\"target\":[\"https:\\\/\\\/proevex.com\\\/venta-outlet\\\/\"]}]},{\"@type\":\"ImageObject\",\"inLanguage\":\"eu\",\"@id\":\"https:\\\/\\\/proevex.com\\\/venta-outlet\\\/#primaryimage\",\"url\":\"https:\\\/\\\/proevex.com\\\/wp-content\\\/uploads\\\/2025\\\/04\\\/proevex_casetas_de_madera_01-1024x614.jpg\",\"contentUrl\":\"https:\\\/\\\/proevex.com\\\/wp-content\\\/uploads\\\/2025\\\/04\\\/proevex_casetas_de_madera_01-1024x614.jpg\"},{\"@type\":\"BreadcrumbList\",\"@id\":\"https:\\\/\\\/proevex.com\\\/venta-outlet\\\/#breadcrumb\",\"itemListElement\":[{\"@type\":\"ListItem\",\"position\":1,\"name\":\"Portada\",\"item\":\"https:\\\/\\\/proevex.com\\\/\"},{\"@type\":\"ListItem\",\"position\":2,\"name\":\"VENTA\\\/OUTLET\"}]},{\"@type\":\"WebSite\",\"@id\":\"https:\\\/\\\/proevex.com\\\/#website\",\"url\":\"https:\\\/\\\/proevex.com\\\/\",\"name\":\"Proevex Promotora de Eventos en Exteriores\",\"description\":\"\",\"publisher\":{\"@id\":\"https:\\\/\\\/proevex.com\\\/#organization\"},\"potentialAction\":[{\"@type\":\"SearchAction\",\"target\":{\"@type\":\"EntryPoint\",\"urlTemplate\":\"https:\\\/\\\/proevex.com\\\/?s={search_term_string}\"},\"query-input\":{\"@type\":\"PropertyValueSpecification\",\"valueRequired\":true,\"valueName\":\"search_term_string\"}}],\"inLanguage\":\"eu\"},{\"@type\":\"Organization\",\"@id\":\"https:\\\/\\\/proevex.com\\\/#organization\",\"name\":\"Proevex Promotora de Eventos en Exteriores\",\"url\":\"https:\\\/\\\/proevex.com\\\/\",\"logo\":{\"@type\":\"ImageObject\",\"inLanguage\":\"eu\",\"@id\":\"https:\\\/\\\/proevex.com\\\/#\\\/schema\\\/logo\\\/image\\\/\",\"url\":\"https:\\\/\\\/proevex.com\\\/wp-content\\\/uploads\\\/2025\\\/04\\\/cropped-PROEVEX_Logotipo.png\",\"contentUrl\":\"https:\\\/\\\/proevex.com\\\/wp-content\\\/uploads\\\/2025\\\/04\\\/cropped-PROEVEX_Logotipo.png\",\"width\":1297,\"height\":358,\"caption\":\"Proevex Promotora de Eventos en Exteriores\"},\"image\":{\"@id\":\"https:\\\/\\\/proevex.com\\\/#\\\/schema\\\/logo\\\/image\\\/\"}}]}<\/script>\n<!-- \/ Yoast SEO plugin. -->","yoast_head_json":{"title":"VENTA\/OUTLET - Proevex Promotora de Eventos en Exteriores","robots":{"index":"index","follow":"follow","max-snippet":"max-snippet:-1","max-image-preview":"max-image-preview:large","max-video-preview":"max-video-preview:-1"},"canonical":"https:\/\/proevex.com\/eu\/venta-outlet\/","og_locale":"en_US","og_type":"article","og_title":"VENTA\/OUTLET - Proevex Promotora de Eventos en Exteriores","og_description":"Venta\/outlet casetas y stands m\u00f3viles de madera para todo tipo de eventos exteriores \u00fanicas en el mercado por sus caracter\u00edsticas t\u00e9cnicas seguras, robustas, antivuelco, certificadas, resistentes al viento equipadas, instalaci\u00f3n el\u00e9ctrica, mostrador, baldas personalizables con tu marca corporativa y logotipo info caracter\u00edsticas","og_url":"https:\/\/proevex.com\/eu\/venta-outlet\/","og_site_name":"Proevex Promotora de Eventos en Exteriores","article_modified_time":"2025-10-21T16:13:50+00:00","og_image":[{"width":2000,"height":1200,"url":"https:\/\/proevex.com\/wp-content\/uploads\/2025\/04\/proevex_casetas_de_madera_01.jpg","type":"image\/jpeg"}],"twitter_card":"summary_large_image","twitter_misc":{"Est. reading time":"1 minutua"},"schema":{"@context":"https:\/\/schema.org","@graph":[{"@type":"WebPage","@id":"https:\/\/proevex.com\/venta-outlet\/","url":"https:\/\/proevex.com\/venta-outlet\/","name":"VENTA\/OUTLET - Proevex Promotora de Eventos en Exteriores","isPartOf":{"@id":"https:\/\/proevex.com\/#website"},"primaryImageOfPage":{"@id":"https:\/\/proevex.com\/venta-outlet\/#primaryimage"},"image":{"@id":"https:\/\/proevex.com\/venta-outlet\/#primaryimage"},"thumbnailUrl":"https:\/\/proevex.com\/wp-content\/uploads\/2025\/04\/proevex_casetas_de_madera_01-1024x614.jpg","datePublished":"2025-04-29T11:18:35+00:00","dateModified":"2025-10-21T16:13:50+00:00","breadcrumb":{"@id":"https:\/\/proevex.com\/venta-outlet\/#breadcrumb"},"inLanguage":"eu","potentialAction":[{"@type":"ReadAction","target":["https:\/\/proevex.com\/venta-outlet\/"]}]},{"@type":"ImageObject","inLanguage":"eu","@id":"https:\/\/proevex.com\/venta-outlet\/#primaryimage","url":"https:\/\/proevex.com\/wp-content\/uploads\/2025\/04\/proevex_casetas_de_madera_01-1024x614.jpg","contentUrl":"https:\/\/proevex.com\/wp-content\/uploads\/2025\/04\/proevex_casetas_de_madera_01-1024x614.jpg"},{"@type":"BreadcrumbList","@id":"https:\/\/proevex.com\/venta-outlet\/#breadcrumb","itemListElement":[{"@type":"ListItem","position":1,"name":"Portada","item":"https:\/\/proevex.com\/"},{"@type":"ListItem","position":2,"name":"VENTA\/OUTLET"}]},{"@type":"WebSite","@id":"https:\/\/proevex.com\/#website","url":"https:\/\/proevex.com\/","name":"Proevex Promotora de Eventos en Exteriores","description":"","publisher":{"@id":"https:\/\/proevex.com\/#organization"},"potentialAction":[{"@type":"SearchAction","target":{"@type":"EntryPoint","urlTemplate":"https:\/\/proevex.com\/?s={search_term_string}"},"query-input":{"@type":"PropertyValueSpecification","valueRequired":true,"valueName":"search_term_string"}}],"inLanguage":"eu"},{"@type":"Organization","@id":"https:\/\/proevex.com\/#organization","name":"Proevex Promotora de Eventos en Exteriores","url":"https:\/\/proevex.com\/","logo":{"@type":"ImageObject","inLanguage":"eu","@id":"https:\/\/proevex.com\/#\/schema\/logo\/image\/","url":"https:\/\/proevex.com\/wp-content\/uploads\/2025\/04\/cropped-PROEVEX_Logotipo.png","contentUrl":"https:\/\/proevex.com\/wp-content\/uploads\/2025\/04\/cropped-PROEVEX_Logotipo.png","width":1297,"height":358,"caption":"Proevex Promotora de Eventos en Exteriores"},"image":{"@id":"https:\/\/proevex.com\/#\/schema\/logo\/image\/"}}]}},"_links":{"self":[{"href":"https:\/\/proevex.com\/eu\/wp-json\/wp\/v2\/pages\/35","targetHints":{"allow":["GET"]}}],"collection":[{"href":"https:\/\/proevex.com\/eu\/wp-json\/wp\/v2\/pages"}],"about":[{"href":"https:\/\/proevex.com\/eu\/wp-json\/wp\/v2\/types\/page"}],"author":[{"embeddable":true,"href":"https:\/\/proevex.com\/eu\/wp-json\/wp\/v2\/users\/1"}],"replies":[{"embeddable":true,"href":"https:\/\/proevex.com\/eu\/wp-json\/wp\/v2\/comments?post=35"}],"version-history":[{"count":20,"href":"https:\/\/proevex.com\/eu\/wp-json\/wp\/v2\/pages\/35\/revisions"}],"predecessor-version":[{"id":3723,"href":"https:\/\/proevex.com\/eu\/wp-json\/wp\/v2\/pages\/35\/revisions\/3723"}],"wp:attachment":[{"href":"https:\/\/proevex.com\/eu\/wp-json\/wp\/v2\/media?parent=35"}],"curies":[{"name":"wp","href":"https:\/\/api.w.org\/{rel}","templated":true}]}}